{"id":96,"date":"2014-01-28T16:30:59","date_gmt":"2014-01-28T16:30:59","guid":{"rendered":"https:\/\/dev1.cief.org\/?page_id=96"},"modified":"2021-06-21T18:58:18","modified_gmt":"2021-06-21T18:58:18","slug":"congres-precedents","status":"publish","type":"page","link":"https:\/\/dev1.cief.org\/?page_id=96","title":{"rendered":"Congr\u00e8s pr\u00e9c\u00e9dents"},"content":{"rendered":"<p>Cliquez les liens ci-dessous pour consulter les pages des congr\u00e8s pass\u00e9s (cette liste ne comprend que les congr\u00e8s disposant de pages internet):<\/p>\n<ul>\n<li><a href=\"https:\/\/dev1.cief.org\/?page_id=121430\">Congr\u00e8s 2021<\/a> (en ligne)<\/li>\n<li><a href=\"https:\/\/dev1.cief.org\/?page_id=84094\">Congr\u00e8s 2020<\/a> \u00e0 Gdansk Pologne (Annul\u00e9)<\/li>\n<li><a href=\"https:\/\/dev1.cief.org\/?page_id=46993\">Congr\u00e8s 2019<\/a> \u00e0 Ottawa, Canada<\/li>\n<li><a href=\"https:\/\/dev1.cief.org\/?page_id=10119\">Congr\u00e8s 2018<\/a> \u00e0 la Rochelle, France<\/li>\n<li><a href=\"https:\/\/dev1.cief.org\/?page_id=913\">Congr\u00e8s 2017<\/a> \u00e0 Schoelcher, Martinique<\/li>\n<li><a href=\"https:\/\/dev1.cief.org\/?page_id=93\">Congr\u00e8s 2016<\/a> \u00e0 Saly-Portudal, S\u00e9n\u00e9gal<\/li>\n<li><a href=\"http:\/\/cief.org\/congres\/2015\/index.html\" target=\"_blank\" rel=\"noopener noreferrer\">Congr\u00e8s 2015<\/a> \u00e0 Winnipeg, Canada<\/li>\n<li><a href=\"http:\/\/cief.org\/congres\/2014\/index.html\" target=\"_blank\" rel=\"noopener noreferrer\">Congr\u00e8s 2014<\/a> \u00e0 San Francisco, \u00c9tats-Unis<\/li>\n<li><a href=\"http:\/\/cief.org\/congres\/2013\/index.html\" target=\"_blank\" rel=\"noopener noreferrer\">Congr\u00e8s 2013<\/a> \u00e0 Grand-Baie, \u00cele Maurice<\/li>\n<li><a href=\"http:\/\/cief.org\/congres\/2012\/index.html\" target=\"_blank\" rel=\"noopener noreferrer\">Congr\u00e8s 2012<\/a> \u00e0 Thessalonique, Gr\u00e8ce<\/li>\n<li><a href=\"http:\/\/cief.org\/congres\/2011\/index.html\" target=\"_blank\" rel=\"noopener noreferrer\">Congr\u00e8s 2011<\/a> \u00e0 Aix-en-Provence, France<\/li>\n<li><a href=\"http:\/\/cief.org\/congres\/2010\/index.html\" target=\"_blank\" rel=\"noopener noreferrer\">Congr\u00e8s 2010<\/a> \u00e0 Montr\u00e9al, Canada<\/li>\n<li><a href=\"http:\/\/cief.org\/congres\/2009\/index.html\" target=\"_blank\" rel=\"noopener noreferrer\">Congr\u00e8s 2009<\/a> \u00e0 La Nouvelle-Orl\u00e9ans, \u00c9tats-Unis<\/li>\n<li><a href=\"http:\/\/cief.org\/congres\/2008\/index.html\" target=\"_blank\" rel=\"noopener noreferrer\">Congr\u00e8s 2008<\/a> \u00e0 Limoges, France<\/li>\n<li><a href=\"http:\/\/cief.org\/congres\/2007\/index.html\" target=\"_blank\" rel=\"noopener noreferrer\">Congr\u00e8s 2007<\/a> \u00e0 Cayenne, Guyane<\/li>\n<li><a href=\"http:\/\/cief.org\/congres\/2006\/index.html\" target=\"_blank\" rel=\"noopener noreferrer\">Congr\u00e8s 2006<\/a> \u00e0 Sina\u00efa, Roumanie<\/li>\n<li><a href=\"http:\/\/cief.org\/congres\/2005\/index.html\" target=\"_blank\" rel=\"noopener noreferrer\">Congr\u00e8s 2005<\/a> \u00e0 Ottawa-Gatineau, Canada<\/li>\n<li><a href=\"http:\/\/cief.org\/congres\/2004\/index.html\" target=\"_blank\" rel=\"noopener noreferrer\">Congr\u00e8s 2004<\/a> \u00e0 Li\u00e8ge, Belgique<\/li>\n<li><a href=\"http:\/\/cief.org\/congres\/2003\/index.html\" target=\"_blank\" rel=\"noopener noreferrer\">Congr\u00e8s 2003<\/a> \u00e0 la Nouvelle-Orl\u00e9ans, \u00c9tats-Unis<\/li>\n<li><a href=\"http:\/\/cief.abidjan.free.fr\/index.html\" target=\"_blank\" rel=\"noopener noreferrer\">Congr\u00e8s 2002<\/a> \u00e0 Abidjan, C\u00f4te d&rsquo;Ivoire (site du congr\u00e8s); <a href=\"http:\/\/cief.org\/congres\/congres2002programme.pdf\" target=\"_blank\" rel=\"noopener noreferrer\">programme<\/a>\u00a0(fichier pdf)<\/li>\n<li><a href=\"http:\/\/cief.org\/congres\/congres2001programme.pdf\" target=\"_blank\" rel=\"noopener noreferrer\">Congr\u00e8s 2001<\/a> \u00e0 Portland, Maine, \u00c9tats-Unis (programme seulement, en fichier pdf)<\/li>\n<li>Congr\u00e8s 2000 \u00e0 Sousse, Tunisie<\/li>\n<li>Congr\u00e8s 1999 \u00e0 Lafayette, \u00c9tats-Unis<\/li>\n<li>Congr\u00e8s 1998 \u00e0 Moncton, Canada<\/li>\n<li>Congr\u00e8s 1997 en Guadeloupe<\/li>\n<li>Congr\u00e8s 1996 \u00e0 Toulouse, France<\/li>\n<li>Congr\u00e8s 1995 \u00e0 Charleston, \u00c9tats-Unis<\/li>\n<li>Congr\u00e8s 1994 \u00e0 Qu\u00e9bec, Canada<\/li>\n<li>Congr\u00e8s 1993 \u00e0 Casablanca, Maroc<\/li>\n<li>Congr\u00e8s 1992 \u00e0 Strasbourg<\/li>\n<li>Congr\u00e8s 1991 \u00e0 Tuscon, \u00c9tats-Unis<\/li>\n<li>Congr\u00e8s 1990 \u00e0 la Martinique<\/li>\n<li>Congr\u00e8s 1989 \u00e0 La Nouvelle-Orl\u00e9ans, \u00c9tats-Unis<\/li>\n<li>Congr\u00e8s 1988 \u00e0 Montr\u00e9al, Canada<\/li>\n<li>Congr\u00e8s 1987 \u00e0 la Guadeloupe<\/li>\n<\/ul>\n","protected":false},"excerpt":{"rendered":"<p>Cliquez les liens ci-dessous pour consulter les pages des congr\u00e8s pass\u00e9s (cette liste ne comprend que les congr\u00e8s disposant de pages internet): Congr\u00e8s 2021 (en ligne) Congr\u00e8s 2020 \u00e0 Gdansk Pologne (Annul\u00e9) Congr\u00e8s 2019 \u00e0 Ottawa, Canada Congr\u00e8s 2018 \u00e0 la Rochelle, France Congr\u00e8s 2017 \u00e0 Schoelcher, Martinique Congr\u00e8s 2016 \u00e0 Saly-Portudal, S\u00e9n\u00e9gal Congr\u00e8s 2015 [&hellip;]<\/p>\n","protected":false},"author":1,"featured_media":0,"parent":265,"menu_order":0,"comment_status":"open","ping_status":"open","template":"page-congres.php","meta":[],"categories":[4,11],"tags":[],"_links":{"self":[{"href":"https:\/\/dev1.cief.org\/index.php?rest_route=\/wp\/v2\/pages\/96"}],"collection":[{"href":"https:\/\/dev1.cief.org\/index.php?rest_route=\/wp\/v2\/pages"}],"about":[{"href":"https:\/\/dev1.cief.org\/index.php?rest_route=\/wp\/v2\/types\/page"}],"author":[{"embeddable":true,"href":"https:\/\/dev1.cief.org\/index.php?rest_route=\/wp\/v2\/users\/1"}],"replies":[{"embeddable":true,"href":"https:\/\/dev1.cief.org\/index.php?rest_route=%2Fwp%2Fv2%2Fcomments&post=96"}],"version-history":[{"count":13,"href":"https:\/\/dev1.cief.org\/index.php?rest_route=\/wp\/v2\/pages\/96\/revisions"}],"predecessor-version":[{"id":155046,"href":"https:\/\/dev1.cief.org\/index.php?rest_route=\/wp\/v2\/pages\/96\/revisions\/155046"}],"up":[{"embeddable":true,"href":"https:\/\/dev1.cief.org\/index.php?rest_route=\/wp\/v2\/pages\/265"}],"wp:attachment":[{"href":"https:\/\/dev1.cief.org\/index.php?rest_route=%2Fwp%2Fv2%2Fmedia&parent=96"}],"wp:term":[{"taxonomy":"category","embeddable":true,"href":"https:\/\/dev1.cief.org\/index.php?rest_route=%2Fwp%2Fv2%2Fcategories&post=96"},{"taxonomy":"post_tag","embeddable":true,"href":"https:\/\/dev1.cief.org\/index.php?rest_route=%2Fwp%2Fv2%2Ftags&post=96"}],"curies":[{"name":"wp","href":"https:\/\/api.w.org\/{rel}","templated":true}]}}