{"id":946,"date":"2016-06-09T14:40:36","date_gmt":"2016-06-09T14:40:36","guid":{"rendered":"https:\/\/dev1.cief.org\/?page_id=946"},"modified":"2017-07-13T14:02:19","modified_gmt":"2017-07-13T14:02:19","slug":"partenaires-du-congres","status":"publish","type":"page","link":"https:\/\/dev1.cief.org\/?page_id=946","title":{"rendered":"Partenaires du congr\u00e8s"},"content":{"rendered":"<p align=\"left\">Le CI\u00c9F remercie chaleureusement les organismes et institutions dont la collaboration et le soutien g\u00e9n\u00e9reux permettent la r\u00e9alisation du congr\u00e8s et l&rsquo;\u00e9panouissement de notre organisation.<\/p>\n<p align=\"left\"><a href=\"https:\/\/dev1.cief.org\/wp-content\/uploads\/2017\/01\/logo-UA.jpg\"><img loading=\"lazy\" class=\"wp-image-1064 alignleft\" src=\"https:\/\/dev1.cief.org\/wp-content\/uploads\/2017\/01\/logo-UA.jpg\" alt=\"\" width=\"152\" height=\"152\" srcset=\"https:\/\/dev1.cief.org\/wp-content\/uploads\/2017\/01\/logo-UA.jpg 200w, https:\/\/dev1.cief.org\/wp-content\/uploads\/2017\/01\/logo-UA-150x150.jpg 150w, https:\/\/dev1.cief.org\/wp-content\/uploads\/2017\/01\/logo-UA-130x130.jpg 130w, https:\/\/dev1.cief.org\/wp-content\/uploads\/2017\/01\/logo-UA-67x67.jpg 67w, https:\/\/dev1.cief.org\/wp-content\/uploads\/2017\/01\/logo-UA-40x40.jpg 40w, https:\/\/dev1.cief.org\/wp-content\/uploads\/2017\/01\/logo-UA-184x184.jpg 184w\" sizes=\"(max-width: 152px) 100vw, 152px\" \/><\/a><\/p>\n<p>&nbsp;<\/p>\n<p><img loading=\"lazy\" class=\"wp-image-1078 aligncenter\" src=\"https:\/\/dev1.cief.org\/wp-content\/uploads\/2017\/01\/CRILLASH-300x191.jpg\" alt=\"\" width=\"148\" height=\"94\" srcset=\"https:\/\/dev1.cief.org\/wp-content\/uploads\/2017\/01\/CRILLASH-300x191.jpg 300w, https:\/\/dev1.cief.org\/wp-content\/uploads\/2017\/01\/CRILLASH.jpg 400w\" sizes=\"(max-width: 148px) 100vw, 148px\" \/><\/p>\n<div id=\"attachment_1038\" style=\"width: 124px\" class=\"wp-caption aligncenter\"><a href=\"https:\/\/dev1.cief.org\/wp-content\/uploads\/2017\/01\/la-bateliere.jpg\"><img aria-describedby=\"caption-attachment-1038\" loading=\"lazy\" class=\"wp-image-1038 size-full\" src=\"https:\/\/dev1.cief.org\/wp-content\/uploads\/2017\/01\/la-bateliere.jpg\" width=\"114\" height=\"114\" srcset=\"https:\/\/dev1.cief.org\/wp-content\/uploads\/2017\/01\/la-bateliere.jpg 114w, https:\/\/dev1.cief.org\/wp-content\/uploads\/2017\/01\/la-bateliere-67x67.jpg 67w, https:\/\/dev1.cief.org\/wp-content\/uploads\/2017\/01\/la-bateliere-40x40.jpg 40w\" sizes=\"(max-width: 114px) 100vw, 114px\" \/><\/a><p id=\"caption-attachment-1038\" class=\"wp-caption-text\">H\u00f4tel La Bateli\u00e8re<\/p><\/div>\n<p>&nbsp;<\/p>\n<p><a href=\"https:\/\/dev1.cief.org\/wp-content\/uploads\/2017\/01\/Cf-couleur.jpg\"><img loading=\"lazy\" class=\"wp-image-1065 alignleft\" src=\"https:\/\/dev1.cief.org\/wp-content\/uploads\/2017\/01\/Cf-couleur-300x53.jpg\" width=\"216\" height=\"38\" srcset=\"https:\/\/dev1.cief.org\/wp-content\/uploads\/2017\/01\/Cf-couleur-300x53.jpg 300w, https:\/\/dev1.cief.org\/wp-content\/uploads\/2017\/01\/Cf-couleur-768x136.jpg 768w, https:\/\/dev1.cief.org\/wp-content\/uploads\/2017\/01\/Cf-couleur.jpg 1024w\" sizes=\"(max-width: 216px) 100vw, 216px\" \/><\/a><a href=\"http:\/\/www.kennesaw.edu\/\"><img loading=\"lazy\" class=\"alignnone\" src=\"http:\/\/cief.org\/congres\/2014\/images\/kennesaw.jpg\" alt=\"Kennesaw U\" width=\"164\" height=\"42\" border=\"0\" \/>\u00a0<\/a><a href=\"https:\/\/dev1.cief.org\/wp-content\/uploads\/2016\/06\/Logo-CTM.jpg\"><img loading=\"lazy\" class=\"alignright wp-image-8394\" src=\"https:\/\/dev1.cief.org\/wp-content\/uploads\/2016\/06\/Logo-CTM.jpg\" alt=\"\" width=\"145\" height=\"95\" srcset=\"https:\/\/dev1.cief.org\/wp-content\/uploads\/2016\/06\/Logo-CTM.jpg 224w, https:\/\/dev1.cief.org\/wp-content\/uploads\/2016\/06\/Logo-CTM-207x136.jpg 207w\" sizes=\"(max-width: 145px) 100vw, 145px\" \/><\/a><\/p>\n<p>&nbsp;<\/p>\n<p>&nbsp;<\/p>\n<p><a href=\"https:\/\/dev1.cief.org\/wp-content\/uploads\/2016\/06\/Logo-Patisserie-du-boulevard-1.png\"><img loading=\"lazy\" class=\"wp-image-8395 alignleft\" src=\"https:\/\/dev1.cief.org\/wp-content\/uploads\/2016\/06\/Logo-Patisserie-du-boulevard-1-212x300.png\" alt=\"\" width=\"143\" height=\"202\" srcset=\"https:\/\/dev1.cief.org\/wp-content\/uploads\/2016\/06\/Logo-Patisserie-du-boulevard-1-212x300.png 212w, https:\/\/dev1.cief.org\/wp-content\/uploads\/2016\/06\/Logo-Patisserie-du-boulevard-1.png 595w\" sizes=\"(max-width: 143px) 100vw, 143px\" \/><\/a><\/p>\n<p>&nbsp;<\/p>\n","protected":false},"excerpt":{"rendered":"<p>Le CI\u00c9F remercie chaleureusement les organismes et institutions dont la collaboration et le soutien g\u00e9n\u00e9reux permettent la r\u00e9alisation du congr\u00e8s et l&rsquo;\u00e9panouissement de notre organisation. &nbsp; &nbsp; \u00a0 &nbsp; &nbsp; &nbsp;<\/p>\n","protected":false},"author":1,"featured_media":0,"parent":913,"menu_order":0,"comment_status":"closed","ping_status":"closed","template":"page-congres-2017.php","meta":[],"categories":[13],"tags":[],"_links":{"self":[{"href":"https:\/\/dev1.cief.org\/index.php?rest_route=\/wp\/v2\/pages\/946"}],"collection":[{"href":"https:\/\/dev1.cief.org\/index.php?rest_route=\/wp\/v2\/pages"}],"about":[{"href":"https:\/\/dev1.cief.org\/index.php?rest_route=\/wp\/v2\/types\/page"}],"author":[{"embeddable":true,"href":"https:\/\/dev1.cief.org\/index.php?rest_route=\/wp\/v2\/users\/1"}],"replies":[{"embeddable":true,"href":"https:\/\/dev1.cief.org\/index.php?rest_route=%2Fwp%2Fv2%2Fcomments&post=946"}],"version-history":[{"count":12,"href":"https:\/\/dev1.cief.org\/index.php?rest_route=\/wp\/v2\/pages\/946\/revisions"}],"predecessor-version":[{"id":8397,"href":"https:\/\/dev1.cief.org\/index.php?rest_route=\/wp\/v2\/pages\/946\/revisions\/8397"}],"up":[{"embeddable":true,"href":"https:\/\/dev1.cief.org\/index.php?rest_route=\/wp\/v2\/pages\/913"}],"wp:attachment":[{"href":"https:\/\/dev1.cief.org\/index.php?rest_route=%2Fwp%2Fv2%2Fmedia&parent=946"}],"wp:term":[{"taxonomy":"category","embeddable":true,"href":"https:\/\/dev1.cief.org\/index.php?rest_route=%2Fwp%2Fv2%2Fcategories&post=946"},{"taxonomy":"post_tag","embeddable":true,"href":"https:\/\/dev1.cief.org\/index.php?rest_route=%2Fwp%2Fv2%2Ftags&post=946"}],"curies":[{"name":"wp","href":"https:\/\/api.w.org\/{rel}","templated":true}]}}