{"id":93,"date":"2014-01-28T16:30:16","date_gmt":"2014-01-28T16:30:16","guid":{"rendered":"https:\/\/dev1.cief.org\/?page_id=93"},"modified":"2016-06-10T08:50:48","modified_gmt":"2016-06-10T08:50:48","slug":"congres-cief","status":"publish","type":"page","link":"https:\/\/dev1.cief.org\/?page_id=93","title":{"rendered":"30e congr\u00e8s du CI\u00c9F"},"content":{"rendered":"<h1>Saly Portudal, S\u00e9n\u00e9gal<\/h1>\n<h3>Du 23 au 29 mai 2016<\/h3>\n<h3><a href=\"https:\/\/dev1.cief.org\/wp-content\/uploads\/2016\/06\/Programme_Congres_2016_definitif__4mai2016.pdf\"><span style=\"color: #ff0000;\">Programme\u00a0d\u00e9finitif du congr\u00e8s<\/span><\/a><\/h3>\n<h3 style=\"text-align: left;\" align=\"center\"><strong>Th\u00e8me directeur du congr\u00e8s : Autour de l&rsquo;arbre \u00e0 palabres<\/strong><\/h3>\n<p><a href=\"https:\/\/dev1.cief.org\/wp-content\/uploads\/2014\/01\/flamboyant.jpg\"><img loading=\"lazy\" class=\"alignleft size-full wp-image-466\" src=\"https:\/\/dev1.cief.org\/wp-content\/uploads\/2014\/01\/flamboyant.jpg\" alt=\"flamboyant\" width=\"292\" height=\"220\" \/><\/a>Rendez vous du 23 au 29 mai 2016 \u00e0 Saly-Portudal, sur la Petite C\u00f4te, pr\u00e8s de Dakar, au S\u00e9n\u00e9gal. Pierre d&rsquo;achoppement de la colonisation fran\u00e7aise, sommet du commerce triangulaire et point de d\u00e9part des esclaves vers les nouveaux mondes, le S\u00e9n\u00e9gal est aussi un carrefour de langues et de cultures, la terre natale d&rsquo;artistes \u00e0 renomm\u00e9e internationale tels L\u00e9opold S\u00e9dar Senghor, Cheik Anta Diop ou Ousmane Semb\u00e8ne, le monde des griots et de la n\u00e9gritude. Venez d\u00e9couvrir avec nous les villages traditionnels, les parcs nationaux, les belles plages de sable blanc, la capitale Dakar, et bien s\u00fbr, l&rsquo;\u00eele de Gor\u00e9e. Amusez-vous \u00e0 marchander dans les march\u00e9s ouverts, d\u00e9gustez les fruits tropicaux. D\u00e9couvrez les sons de la cora. Quel que soit votre plaisir, le S\u00e9n\u00e9gal est s\u00fbr de vous charmer.<\/p>\n<p>&nbsp;<\/p>\n<h3 style=\"text-align: center;\" align=\"center\"><strong>Prix CI\u00c9F 2016 : Cheikh Hamidou Kane<\/strong><\/h3>\n<div id=\"attachment_693\" style=\"width: 310px\" class=\"wp-caption alignright\"><a href=\"https:\/\/dev1.cief.org\/wp-content\/uploads\/2015\/11\/cakane.jpeg\"><img aria-describedby=\"caption-attachment-693\" loading=\"lazy\" class=\"wp-image-693 size-medium\" src=\"https:\/\/dev1.cief.org\/wp-content\/uploads\/2015\/11\/cakane-300x250.jpeg\" alt=\"cakane\" width=\"300\" height=\"250\" srcset=\"https:\/\/dev1.cief.org\/wp-content\/uploads\/2015\/11\/cakane-300x250.jpeg 300w, https:\/\/dev1.cief.org\/wp-content\/uploads\/2015\/11\/cakane-1024x853.jpeg 1024w\" sizes=\"(max-width: 300px) 100vw, 300px\" \/><\/a><p id=\"caption-attachment-693\" class=\"wp-caption-text\">Avec la permission de Mamadou Dram\u00e9, avec nos remerciements.<\/p><\/div>\n<p>Nous avons l\u2019immense plaisir de vous annoncer la pr\u00e9sence, \u00e0 Saly-Portudal, de notre invit\u00e9 d\u2019honneur, Monsieur Cheikh Hamidou Kane. Comme <a href=\"http:\/\/la-plume-francophone.com\/2014\/09\/06\/entretien-inedit-avec-cheikh-hamidou-kane\/\">il aime \u00e0 le dire<\/a>, \u00ab\u00a0<em>L\u2019Aventure ambigu\u00eb <\/em>n\u2019est plus [sa] propri\u00e9t\u00e9. Comme une bouteille \u00e0 la mer, ce livre appartient d\u00e9sormais \u00e0 tous ceux qui l\u2019ont lu, et \u00e0 tous ceux qui l\u2019ont appr\u00e9ci\u00e9\u00a0\u00bb.Issu d\u2019une famille peule, Cheikh Hamidou Kane est n\u00e9 \u00e0 Matam, en 1928. Fort d\u2019une double \u00e9ducation, d\u2019abord au sein de la \u00ab\u00a0famille \u00e9largie\u00a0\u00bb et \u00e0 l\u2019\u00e9cole coranique, puis \u00e0 l\u2019\u00e9cole coloniale \u00e9l\u00e9mentaire de Saint-Louis et au lyc\u00e9e, \u00e0 Dakar, il se retrouve \u00e0 Paris, dans les ann\u00e9es cinquante, pour poursuivre des \u00e9tudes de droit et de philosophie \u00e0 la Sorbonne. Il collabore alors \u00e0 la revue <em>Esprit<\/em>. Ce parcours a ind\u00e9niablement inspir\u00e9 les aventures de Samba Diallo, dans le roman \u00e9crit d\u00e8s 1952 et publi\u00e9, en 1961, alors que son auteur, dipl\u00f4m\u00e9 de l\u2019Ecole Nationale de la France d\u2019Outre-Mer, vient de rentrer au S\u00e9n\u00e9gal. Durant les premi\u00e8res ann\u00e9es de l\u2019ind\u00e9pendance, Cheikh Hamidou Kane occupe successivement plusieurs postes dans la haute administration, notamment au Minist\u00e8re du D\u00e9veloppement et du Plan, apr\u00e8s avoir \u00e9t\u00e9 Gouverneur de la r\u00e9gion de Thi\u00e8s, d\u00e8s mars 1960. Repr\u00e9sentant de l\u2019UNICEF dans de nombreux pays africains pendant dix ans, Cheikh Hamidou Kane a \u00e9galement dirig\u00e9 la soci\u00e9t\u00e9 Dakar-Marine et les Industries Chimiques du S\u00e9n\u00e9gal, en 1981, avant de revenir \u00e0 des fonctions minist\u00e9rielles sous la pr\u00e9sidence d\u2019Abdou Diouf. R\u00e9cit du d\u00e9chirement entre les savoirs, entre les traditions et entre les langues, <em>L\u2019Aventure ambigu\u00eb<\/em> a re\u00e7u, en 1962, le Grand Prix litt\u00e9raire d\u2019Afrique noire. Traduit dans une trentaine de langues, adapt\u00e9 au cin\u00e9ma par Jacques Champreux, en 1984, ce roman, dont la port\u00e9e universelle a \u00e9t\u00e9 reconnue d\u2019embl\u00e9e, reste l\u2019un des plus grands classiques des Lettres francophones. Il est enseign\u00e9 et \u00e9tudi\u00e9 dans les universit\u00e9s du monde entier. Paru en 1995, chez Stock, <em>Les Gardiens du temple<\/em>, qui revient sur les trente premi\u00e8res ann\u00e9es de l\u2019ind\u00e9pendance, r\u00e9sonne des questions laiss\u00e9es en suspens par le premier roman et propose une r\u00e9flexion d\u2019historien sur l\u2019espace g\u00e9opolitique de l\u2019Afrique. Invit\u00e9 de nombreuses manifestations litt\u00e9raires internationales, Cheikh Hamidou Kane joue bien volontiers le r\u00f4le d\u2019a\u00een\u00e9 aupr\u00e8s des \u00e9crivains de la jeune g\u00e9n\u00e9ration et se montre tr\u00e8s soucieux des enjeux actuels pour le continent.<\/p>\n","protected":false},"excerpt":{"rendered":"<p>Saly Portudal, S\u00e9n\u00e9gal Du 23 au 29 mai 2016 Programme\u00a0d\u00e9finitif du congr\u00e8s Th\u00e8me directeur du congr\u00e8s : Autour de l&rsquo;arbre \u00e0 palabres Rendez vous du 23 au 29 mai 2016 \u00e0 Saly-Portudal, sur la Petite C\u00f4te, pr\u00e8s de Dakar, au S\u00e9n\u00e9gal. Pierre d&rsquo;achoppement de la colonisation fran\u00e7aise, sommet du commerce triangulaire et point de d\u00e9part [&hellip;]<\/p>\n","protected":false},"author":1,"featured_media":0,"parent":265,"menu_order":0,"comment_status":"open","ping_status":"open","template":"page-congres-2016.php","meta":[],"categories":[4,12],"tags":[],"_links":{"self":[{"href":"https:\/\/dev1.cief.org\/index.php?rest_route=\/wp\/v2\/pages\/93"}],"collection":[{"href":"https:\/\/dev1.cief.org\/index.php?rest_route=\/wp\/v2\/pages"}],"about":[{"href":"https:\/\/dev1.cief.org\/index.php?rest_route=\/wp\/v2\/types\/page"}],"author":[{"embeddable":true,"href":"https:\/\/dev1.cief.org\/index.php?rest_route=\/wp\/v2\/users\/1"}],"replies":[{"embeddable":true,"href":"https:\/\/dev1.cief.org\/index.php?rest_route=%2Fwp%2Fv2%2Fcomments&post=93"}],"version-history":[{"count":38,"href":"https:\/\/dev1.cief.org\/index.php?rest_route=\/wp\/v2\/pages\/93\/revisions"}],"predecessor-version":[{"id":894,"href":"https:\/\/dev1.cief.org\/index.php?rest_route=\/wp\/v2\/pages\/93\/revisions\/894"}],"up":[{"embeddable":true,"href":"https:\/\/dev1.cief.org\/index.php?rest_route=\/wp\/v2\/pages\/265"}],"wp:attachment":[{"href":"https:\/\/dev1.cief.org\/index.php?rest_route=%2Fwp%2Fv2%2Fmedia&parent=93"}],"wp:term":[{"taxonomy":"category","embeddable":true,"href":"https:\/\/dev1.cief.org\/index.php?rest_route=%2Fwp%2Fv2%2Fcategories&post=93"},{"taxonomy":"post_tag","embeddable":true,"href":"https:\/\/dev1.cief.org\/index.php?rest_route=%2Fwp%2Fv2%2Ftags&post=93"}],"curies":[{"name":"wp","href":"https:\/\/api.w.org\/{rel}","templated":true}]}}