{"id":825,"date":"2016-04-06T07:48:10","date_gmt":"2016-04-06T07:48:10","guid":{"rendered":"https:\/\/dev1.cief.org\/?page_id=825"},"modified":"2019-08-17T14:31:05","modified_gmt":"2019-08-17T14:31:05","slug":"session-affiliee-du-cief-a-la-convention-de-la-mla","status":"publish","type":"page","link":"https:\/\/dev1.cief.org\/?page_id=825","title":{"rendered":"Session affili\u00e9e du CI\u00c9F \u00e0 la Convention de la MLA"},"content":{"rendered":"<p>Chaque ann\u00e9e, le CI\u00c9F organise une session affili\u00e9e \u00e0 la Convention de la MLA. Si vous d\u00e9sirez faire une proposition de session veuillez remplir le <a href=\"https:\/\/dev1.cief.org\/formsession-MLA\/index.php\"><strong>formulaire pour soumettre une proposition de session<\/strong><\/a>. Veuillez noter que pour pouvoir envoyer une proposition, vous devez \u00eatre membre du CI\u00c9F.<\/p>\n<p>Si vous souhaitez participer \u00e0 la session propos\u00e9e, veuillez consulter <strong><a href=\"https:\/\/dev1.cief.org\/?page_id=846\">l\u2019appel \u00e0 communications<\/a>.<\/strong> Vous pouvez \u00e9galement consulter le descriptif de la <a href=\"https:\/\/dev1.cief.org\/?page_id=846\"><strong>session pour l&rsquo;ann\u00e9e \u00e0 venir<\/strong><\/a>, juste au-dessous de l&rsquo;appel.<\/p>\n","protected":false},"excerpt":{"rendered":"<p>Chaque ann\u00e9e, le CI\u00c9F organise une session affili\u00e9e \u00e0 la Convention de la MLA. Si vous d\u00e9sirez faire une proposition de session veuillez remplir le formulaire pour soumettre une proposition de session. Veuillez noter que pour pouvoir envoyer une proposition, vous devez \u00eatre membre du CI\u00c9F. Si vous souhaitez participer \u00e0 la session propos\u00e9e, veuillez [&hellip;]<\/p>\n","protected":false},"author":1,"featured_media":0,"parent":0,"menu_order":0,"comment_status":"closed","ping_status":"closed","template":"page-full.php","meta":[],"categories":[10],"tags":[],"_links":{"self":[{"href":"https:\/\/dev1.cief.org\/index.php?rest_route=\/wp\/v2\/pages\/825"}],"collection":[{"href":"https:\/\/dev1.cief.org\/index.php?rest_route=\/wp\/v2\/pages"}],"about":[{"href":"https:\/\/dev1.cief.org\/index.php?rest_route=\/wp\/v2\/types\/page"}],"author":[{"embeddable":true,"href":"https:\/\/dev1.cief.org\/index.php?rest_route=\/wp\/v2\/users\/1"}],"replies":[{"embeddable":true,"href":"https:\/\/dev1.cief.org\/index.php?rest_route=%2Fwp%2Fv2%2Fcomments&post=825"}],"version-history":[{"count":13,"href":"https:\/\/dev1.cief.org\/index.php?rest_route=\/wp\/v2\/pages\/825\/revisions"}],"predecessor-version":[{"id":84879,"href":"https:\/\/dev1.cief.org\/index.php?rest_route=\/wp\/v2\/pages\/825\/revisions\/84879"}],"wp:attachment":[{"href":"https:\/\/dev1.cief.org\/index.php?rest_route=%2Fwp%2Fv2%2Fmedia&parent=825"}],"wp:term":[{"taxonomy":"category","embeddable":true,"href":"https:\/\/dev1.cief.org\/index.php?rest_route=%2Fwp%2Fv2%2Fcategories&post=825"},{"taxonomy":"post_tag","embeddable":true,"href":"https:\/\/dev1.cief.org\/index.php?rest_route=%2Fwp%2Fv2%2Ftags&post=825"}],"curies":[{"name":"wp","href":"https:\/\/api.w.org\/{rel}","templated":true}]}}