{"id":79,"date":"2014-01-28T16:11:49","date_gmt":"2014-01-28T16:11:49","guid":{"rendered":"https:\/\/dev1.cief.org\/?page_id=79"},"modified":"2020-01-28T08:36:34","modified_gmt":"2020-01-28T08:36:34","slug":"tarifs-pour-linscription-au-congres","status":"publish","type":"page","link":"https:\/\/dev1.cief.org\/?page_id=79","title":{"rendered":"Tarifs pour l\u2019inscription au congr\u00e8s"},"content":{"rendered":"<h3>Membres du CI\u00c9F :<\/h3>\n<div class=\"table-container\">\n<table class=\"mship tablestd\" border=\"0\" width=\"100%\" cellspacing=\"0\" cellpadding=\"2\">\n<tbody>\n<tr>\n<td width=\"25%\"><\/td>\n<td width=\"15%\"><b>TARIF \u00c9CONOMIQUE (Jusqu\u2019au 28 f\u00e9vrier)<\/b><\/td>\n<td width=\"15%\"><strong>TARIF R\u00c9GULIER (Du 1 mars au 31 mars)<\/strong><\/td>\n<td width=\"15%\"><strong>TARIF INSCRIPTION TARDIVE (Du 1 avril au 15 mai)<\/strong><\/td>\n<td width=\"15%\"><strong>TARIF RETARDATAIRES\u00a0 (\u00e0 partir du 16 mai)<\/strong><\/td>\n<td width=\"15%\"><strong>TARIF SUR PLACE<\/strong> (Lors du Congr\u00e8s)<\/td>\n<\/tr>\n<tr>\n<td>Membre r\u00e9gulier<\/td>\n<td>\u00a0140$<\/td>\n<td>\u00a0180$<\/td>\n<td>\u00a0220$<\/td>\n<td>260$<\/td>\n<td>300$<\/td>\n<\/tr>\n<tr>\n<td>Retrait\u00e9-e<\/td>\n<td>\u00a080$<\/td>\n<td>\u00a0100$<\/td>\n<td>\u00a0120$<\/td>\n<td>150$<\/td>\n<td>190$<\/td>\n<\/tr>\n<tr>\n<td>\u00c9tudiant-e<\/td>\n<td>\u00a070$<\/td>\n<td>\u00a090$<\/td>\n<td>\u00a0110$<\/td>\n<td>175$<\/td>\n<\/tr>\n<tr>\n<td>R\u00e9sidant-e permanent-e de pays \u00e0 monnaie non convertible (Afrique [sauf Afrique du Sud], Asie du sud-est, etc.)<\/td>\n<td>\u00a025$<\/td>\n<td>\u00a035$<\/td>\n<td>\u00a055$<\/td>\n<td>75$<\/td>\n<td>100$<\/td>\n<\/tr>\n<tr>\n<td>\u00c9tudiant-e ne pr\u00e9sentant pas de communication au congr\u00e8s<\/td>\n<td>\u00a025$<\/td>\n<td>\u00a025$<\/td>\n<td>\u00a025$<\/td>\n<td>25$<\/td>\n<td><\/td>\n<\/tr>\n<tr class=\"altr\">\n<td colspan=\"6\">Si votre profil ne correspond \u00e0 aucune des options ci-dessus, veuillez contacter la secr\u00e9taire-tr\u00e9sori\u00e8re <a href=\"mailto:secretaire@cief.org\">secretaire@cief.org<\/a><\/td>\n<\/tr>\n<\/tbody>\n<\/table>\n<\/div>\n<h3>Observateurs-trices :<\/h3>\n<table class=\"mship tablestd\" border=\"0\" width=\"600\" cellspacing=\"0\" cellpadding=\"2\">\n<tbody>\n<tr>\n<td>Observateur-trice \u00e0 la journ\u00e9e<\/td>\n<td>25$ par jour (acc\u00e8s \u00e0 toutes les sessions, manifestations et r\u00e9ceptions pour chaque jour pay\u00e9)<br \/>\n1 jour : 25$<br \/>\n2 jours : 50$<br \/>\n3 jours : 75$<\/td>\n<\/tr>\n<tr>\n<td>Observateur-trice pour la semaine enti\u00e8re<\/td>\n<td>\u00a0120$ pour la semaine (acc\u00e8s \u00e0 toutes les sessions, manifestations et r\u00e9ceptions durant le congr\u00e8s)<\/td>\n<\/tr>\n<tr>\n<td>R\u00e9sidant-e permanent-e de pays \u00e0 monnaie non convertible (Afrique [sauf Afrique du Sud], Asie du sud-est, Europe centrale et orientale, etc.)<\/td>\n<td>\u00a025$ pour la semaine (acc\u00e8s \u00e0 toutes les sessions, manifestations et r\u00e9ceptions durant le congr\u00e8s)<\/td>\n<\/tr>\n<\/tbody>\n<\/table>\n<h3>Modalit\u00e9s de r\u00e8glement:<\/h3>\n<p><strong>Nous vous rappelons que pour participer au congr\u00e8s du CI\u00c9F, vous devez \u00eatre membre du CI\u00c9F, c\u2019est-\u00e0-dire avoir pay\u00e9 votre adh\u00e9sion annuelle, et payer les frais d\u2019inscription au congr\u00e8s.\u00a0 Les congressistes qui n&rsquo;ont pas pay\u00e9 leurs frais d&rsquo;adh\u00e9sion au CI\u00c9F (pour devenir membre de l&rsquo;association) en septembre, sont pri\u00e9s de le faire avant la <strong>DATE LIMITE du 1er f\u00e9vrier<\/strong>. Les congressistes qui ne sont pas en r\u00e8gle avec leur adh\u00e9sion prennent le risque que leur communication soit annul\u00e9e et remplac\u00e9e.<br \/>\nPour toute information sur les avantages offerts aux adh\u00e9rents du CI\u00c9F, se reporter \u00e0 <a href=\"https:\/\/dev1.cief.org\/?page_id=75\">la page adh\u00e9sion<\/a>. <\/strong><strong><br \/>\n<\/strong><\/p>\n<p><b>En cas de d\u00e9sistement, et sur demande envoy\u00e9e \u00e0 la secr\u00e9taire-tr\u00e9sori\u00e8re de l\u2019association (<a href=\"mailto:secretaire@cief.org\">secretaire@cief.org<\/a>), le CI\u00c9F remboursera 100% des frais d\u2019inscription jusqu\u2019au 28 f\u00e9vrier et 50% du 1er au 31 mars.\u00a0 Aucun remboursement ne sera effectu\u00e9 pour les d\u00e9sistements apr\u00e8s le 31 mars.<\/b><\/p>\n<p>NB 1\u00a0: Lorsque vous effectuez ce paiement, vous devez recevoir un message automatique de confirmation. Si vous ne le recevez pas, la transaction ne sera pas pass\u00e9e. Prenez contact alors avec la secr\u00e9taire-tr\u00e9sori\u00e8re (<a href=\"mailto:secretaire@cief.org\">secretaire@cief.org<\/a>)<\/p>\n<p>NB 2: Pour les <b>observateurs-trices du congr\u00e8s<\/b>, il n&rsquo;est pas n\u00e9cessaire de devenir membre du CI\u00c9F. Veuillez seulement r\u00e9gler votre inscription au congr\u00e8s. Si vous souhaitez \u00eatre accompagn\u00e9-e d&rsquo;un membre de votre famille ou d&rsquo;un compagnon\/d&rsquo;une compagne, veuillez les inscrire s\u00e9par\u00e9ment apr\u00e8s avoir compl\u00e9t\u00e9 votre inscription.<\/p>\n","protected":false},"excerpt":{"rendered":"<p>Membres du CI\u00c9F : TARIF \u00c9CONOMIQUE (Jusqu\u2019au 28 f\u00e9vrier) TARIF R\u00c9GULIER (Du 1 mars au 31 mars) TARIF INSCRIPTION TARDIVE (Du 1 avril au 15 mai) TARIF RETARDATAIRES\u00a0 (\u00e0 partir du 16 mai) TARIF SUR PLACE (Lors du Congr\u00e8s) Membre r\u00e9gulier \u00a0140$ \u00a0180$ \u00a0220$ 260$ 300$ Retrait\u00e9-e \u00a080$ \u00a0100$ \u00a0120$ 150$ 190$ \u00c9tudiant-e \u00a070$ \u00a090$ [&hellip;]<\/p>\n","protected":false},"author":1,"featured_media":0,"parent":67,"menu_order":0,"comment_status":"closed","ping_status":"open","template":"page-full.php","meta":[],"categories":[4],"tags":[],"_links":{"self":[{"href":"https:\/\/dev1.cief.org\/index.php?rest_route=\/wp\/v2\/pages\/79"}],"collection":[{"href":"https:\/\/dev1.cief.org\/index.php?rest_route=\/wp\/v2\/pages"}],"about":[{"href":"https:\/\/dev1.cief.org\/index.php?rest_route=\/wp\/v2\/types\/page"}],"author":[{"embeddable":true,"href":"https:\/\/dev1.cief.org\/index.php?rest_route=\/wp\/v2\/users\/1"}],"replies":[{"embeddable":true,"href":"https:\/\/dev1.cief.org\/index.php?rest_route=%2Fwp%2Fv2%2Fcomments&post=79"}],"version-history":[{"count":25,"href":"https:\/\/dev1.cief.org\/index.php?rest_route=\/wp\/v2\/pages\/79\/revisions"}],"predecessor-version":[{"id":102089,"href":"https:\/\/dev1.cief.org\/index.php?rest_route=\/wp\/v2\/pages\/79\/revisions\/102089"}],"up":[{"embeddable":true,"href":"https:\/\/dev1.cief.org\/index.php?rest_route=\/wp\/v2\/pages\/67"}],"wp:attachment":[{"href":"https:\/\/dev1.cief.org\/index.php?rest_route=%2Fwp%2Fv2%2Fmedia&parent=79"}],"wp:term":[{"taxonomy":"category","embeddable":true,"href":"https:\/\/dev1.cief.org\/index.php?rest_route=%2Fwp%2Fv2%2Fcategories&post=79"},{"taxonomy":"post_tag","embeddable":true,"href":"https:\/\/dev1.cief.org\/index.php?rest_route=%2Fwp%2Fv2%2Ftags&post=79"}],"curies":[{"name":"wp","href":"https:\/\/api.w.org\/{rel}","templated":true}]}}