{"id":75,"date":"2014-01-28T16:09:50","date_gmt":"2014-01-28T16:09:50","guid":{"rendered":"https:\/\/dev1.cief.org\/?page_id=75"},"modified":"2015-12-29T16:07:20","modified_gmt":"2015-12-29T16:07:20","slug":"adhesion-nouveaux-membres","status":"publish","type":"page","link":"https:\/\/dev1.cief.org\/?page_id=75","title":{"rendered":"Adh\u00e9sion nouveaux membres"},"content":{"rendered":"<h5><strong>Pourquoi devenir membre du CI\u00c9F? <\/strong><\/h5>\n<p>Tout d&rsquo;abord, il s&rsquo;agit d&rsquo;un excellent moyen de promouvoir les cultures et litt\u00e9ratures francophones dans le monde et de diminuer l&rsquo;isolement des francophiles dans les pays non-francophones. Le CI\u00c9F met un point d&rsquo;honneur \u00e0 repr\u00e9senter la francophonie culturelle et litt\u00e9raire de par le monde et organise fr\u00e9quemment ses congr\u00e8s annuels dans des r\u00e9gions moins bien connues (la Roumanie et la Guyane fran\u00e7aise, par exemple) afin de promouvoir la francophonie o\u00f9 qu&rsquo;elle se manifeste.<\/p>\n<p>Les membres b\u00e9n\u00e9ficient \u00e9galement des services suivants:<br \/>\n\n\t\t<div class='et-custom-list etlist-check'>\n\t\t\t<ul>\n<li>ils re\u00e7oivent deux num\u00e9ros par an de la revue scientifique du CI\u00c9F <em><a title=\"NEF\" href=\"https:\/\/dev1.cief.org\/?page_id=151\">Nouvelles \u00c9tudes Francophones<\/a><\/em> (NEF);<\/li>\n<li>ils peuvent diffuser leurs nouvelles (publications et autres annonces) dans le bulletin \u00e9lectronique du CI\u00c9F, qui para\u00eet deux fois par mois, et recevoir des messages d&rsquo;informations utiles sur la liste de diffusion du CI\u00c9F (exclusivement r\u00e9serv\u00e9e aux membres);<\/li>\n<li>leurs publications et annonces d&rsquo;ordre acad\u00e9mique peuvent figurer sur la page des nouvelles et annonces des membres;<\/li>\n<li>un autre service que le CI\u00c9F offre aux membres actifs de l&rsquo;association est la mise en ligne d&rsquo;une page montrant des offres d&#8217;emploi universitaire. Il est aussi possible d&rsquo;y inscrire des demandes d&#8217;emploi.<\/li>\n<li>en assistant au congr\u00e8s annuel, les membres ont l\u2019occasion de d\u00e9couvrir et de rencontrer des \u00e9crivaines renomm\u00e9es et \u00e9crivains renomm\u00e9s, mais aussi des artistes et des cin\u00e9astes. De plus, l\u2019ambiance des congr\u00e8s du CI\u00c9F est tr\u00e8s conviviale. Les congressistes y rencontrent des coll\u00e8gues du monde entier et y nouent des amiti\u00e9s durables. La dur\u00e9e des congr\u00e8s est aussi propice aux \u00e9changes et aux d\u00e9couvertes de la culture environnante.<\/li>\n<\/ul>\n\t\t<\/div> <!-- .et-custom-list --><br \/>\n<div class='et-box et-bio'>\n\t\t\t\t\t<div class='et-box-content'><a href=\"https:\/\/dev1.cief.org\/formadhesion\/adhesion_step1.php#\">Cliquez ici pour remplir le formulaire d&rsquo;adh\u00e9sion<\/a><\/div><\/div><\/p>\n","protected":false},"excerpt":{"rendered":"<p>Pourquoi devenir membre du CI\u00c9F? Tout d&rsquo;abord, il s&rsquo;agit d&rsquo;un excellent moyen de promouvoir les cultures et litt\u00e9ratures francophones dans le monde et de diminuer l&rsquo;isolement des francophiles dans les pays non-francophones. Le CI\u00c9F met un point d&rsquo;honneur \u00e0 repr\u00e9senter la francophonie culturelle et litt\u00e9raire de par le monde et organise fr\u00e9quemment ses congr\u00e8s annuels [&hellip;]<\/p>\n","protected":false},"author":1,"featured_media":0,"parent":67,"menu_order":0,"comment_status":"closed","ping_status":"open","template":"page-full.php","meta":[],"categories":[4],"tags":[],"_links":{"self":[{"href":"https:\/\/dev1.cief.org\/index.php?rest_route=\/wp\/v2\/pages\/75"}],"collection":[{"href":"https:\/\/dev1.cief.org\/index.php?rest_route=\/wp\/v2\/pages"}],"about":[{"href":"https:\/\/dev1.cief.org\/index.php?rest_route=\/wp\/v2\/types\/page"}],"author":[{"embeddable":true,"href":"https:\/\/dev1.cief.org\/index.php?rest_route=\/wp\/v2\/users\/1"}],"replies":[{"embeddable":true,"href":"https:\/\/dev1.cief.org\/index.php?rest_route=%2Fwp%2Fv2%2Fcomments&post=75"}],"version-history":[{"count":15,"href":"https:\/\/dev1.cief.org\/index.php?rest_route=\/wp\/v2\/pages\/75\/revisions"}],"predecessor-version":[{"id":744,"href":"https:\/\/dev1.cief.org\/index.php?rest_route=\/wp\/v2\/pages\/75\/revisions\/744"}],"up":[{"embeddable":true,"href":"https:\/\/dev1.cief.org\/index.php?rest_route=\/wp\/v2\/pages\/67"}],"wp:attachment":[{"href":"https:\/\/dev1.cief.org\/index.php?rest_route=%2Fwp%2Fv2%2Fmedia&parent=75"}],"wp:term":[{"taxonomy":"category","embeddable":true,"href":"https:\/\/dev1.cief.org\/index.php?rest_route=%2Fwp%2Fv2%2Fcategories&post=75"},{"taxonomy":"post_tag","embeddable":true,"href":"https:\/\/dev1.cief.org\/index.php?rest_route=%2Fwp%2Fv2%2Ftags&post=75"}],"curies":[{"name":"wp","href":"https:\/\/api.w.org\/{rel}","templated":true}]}}