{"id":54,"date":"2014-01-28T15:56:31","date_gmt":"2014-01-28T15:56:31","guid":{"rendered":"https:\/\/dev1.cief.org\/?page_id=54"},"modified":"2021-06-21T18:49:32","modified_gmt":"2021-06-21T18:49:32","slug":"responsables-et-contacts","status":"publish","type":"page","link":"https:\/\/dev1.cief.org\/?page_id=54","title":{"rendered":"Responsables et contacts"},"content":{"rendered":"<p>La direction du CI\u00c9F est assur\u00e9e par un <a href=\"#conseil\"> Conseil d&rsquo;Administration<\/a>, compos\u00e9 de 15 repr\u00e9sentants de continents et secteurs d&rsquo;activit\u00e9 diff\u00e9rents. Les mandats des membres du Conseil sont de 3 ans (voir une page montrant les <a title=\"Anciens membres du Conseil d\u2019Administration (\u00e0 partir de 2000)\" href=\"https:\/\/dev1.cief.org\/?page_id=220\">anciens membres<\/a> depuis 2000). La\u00a0<a href=\"#redacteur\">R\u00e9dactrice en chef<\/a> de la revue <em>Nouvelles \u00c9tudes Francophones<\/em> (NEF) fait aussi partie du Conseil d&rsquo;Administration, mais avec un mandat renouvelable (pour les membres du Comit\u00e9 de r\u00e9daction, voir le <a title=\"NEF\" href=\"https:\/\/dev1.cief.org\/?page_id=151\">site de NEF<\/a>).<\/p>\n<p>Les\u00a0affaires courantes sont r\u00e9gl\u00e9es par un <a href=\"#direction\">Comit\u00e9 de Direction<\/a>, compos\u00e9 de la\u00a0Directrice g\u00e9n\u00e9rale, de la Pr\u00e9sidente, de la Vice-pr\u00e9sidente et de la Secr\u00e9taire-tr\u00e9sori\u00e8re.<\/p>\n<p>\u00c0 ces membres s&rsquo;ajoutent plusieurs <a href=\"#regions\">repr\u00e9sentants r\u00e9gionaux<\/a> charg\u00e9s de la promotion du CI\u00c9F de par le monde.<\/p>\n<p>Enfin, le CI\u00c9F ne pourrait fonctionner sans l&rsquo;apport de plusieurs <a href=\"#assistants\">assistants<\/a>, qui comptent deux postes fixes non-b\u00e9n\u00e9voles.<\/p>\n<p>Pour toute question d&rsquo;ordre g\u00e9n\u00e9ral ayant trait au CI\u00c9F et \u00e0 l&rsquo;organisation g\u00e9n\u00e9rale du congr\u00e8s, s&rsquo;adresser au <a href=\"#directeur\">Directeur g\u00e9n\u00e9ral<\/a>.<br \/>\nPour toute information relative au programme des congr\u00e8s, s&rsquo;adresser \u00e0 la <a href=\"#presidente\">Pr\u00e9sidente<\/a>.<br \/>\nPour adh\u00e9rer au CI\u00c9F et s&rsquo;inscrire aux congr\u00e8s, s&rsquo;adresser \u00e0 la\u00a0 <a href=\"#secretaire\">Secr\u00e9taire-Tr\u00e9sori\u00e8re<\/a> (Vous pouvez \u00e9galement cr\u00e9er un compte CI\u00c9F en remplissant le <a href=\"https:\/\/dev1.cief.org\/?page_id=75\">formulaire d\u2019adh\u00e9sion)<\/a>.<br \/>\nPour les propositions de candidatures au Conseil d&rsquo;administration et pour le Prix Jeune Chercheur, s&rsquo;adresser au <a href=\"#vice-presidente\">Vice-pr\u00e9sident<\/a>.<\/p>\n<table class=\"tablestd\" border=\"0\" width=\"90%\" cellspacing=\"0\" cellpadding=\"10\" align=\"center\">\n<tbody>\n<tr valign=\"middle\">\n<td colspan=\"2\" scope=\"col\" align=\"left\" valign=\"top\">\n<h3 align=\"center\"><a id=\"direction\" name=\"direction\"><\/a>COMIT\u00c9 DE DIRECTION<\/h3>\n<\/td>\n<\/tr>\n<tr>\n<td class=\"liste\" scope=\"col\" align=\"left\" valign=\"top\" width=\"50%\">\n<p style=\"margin-bottom: 0px;\" align=\"left\"><a id=\"directeur\"><\/a><strong>Directeur g\u00e9n\u00e9ral<\/strong><\/p>\n<p><strong>Ali REGUIGUI <\/strong>(Congr\u00e8s de 2020 et suivants)<br \/>\nUniversit\u00e9 Laurentienne<br \/>\nD\u00e9partement d\u2019\u00e9tudes francophones<br \/>\nE-230E, Pavilion Alphonse Raymond, Campus de Sudbury<br \/>\n<span style=\"color: #0000ff;\"><a style=\"color: #0000ff;\" href=\"mailto:directeur@cief.org\">Courriel<\/a><\/span>\u00a0(cliquez le lien)<\/p>\n<p style=\"margin-bottom: 0;\" align=\"left\"><a id=\"directeur\" name=\"directeur\"><\/a><strong>Co-Directeur g\u00e9n\u00e9ral<\/strong><\/p>\n<p><strong>Thierry L\u00c9GER <\/strong>(depuis 2012)<br \/>\nKennesaw State University<br \/>\nCollege of Humanities and Social Sciences<br \/>\n402 Bartow Avenue, MD 2201<br \/>\nKennesaw, GA 30339\u00a0 USA<br \/>\n<span style=\"color: #0000ff;\"><a style=\"color: #0000ff;\" href=\"mailto:codirecteur@cief.org\">Courriel<\/a><\/span>\u00a0(cliquez le lien)<\/td>\n<td class=\"liste\" scope=\"col\" align=\"left\" valign=\"top\" width=\"50%\">\n<p style=\"margin-bottom: 0;\"><a id=\"presidente\" name=\"presidente\"><\/a><strong>Pr\u00e9sidente<\/strong><\/p>\n<p style=\"margin-bottom: 0;\"><strong>Oana PANA\u00cfT\u00c9<\/strong> (Congr\u00e8s de 2020, 2021 et 2022)<br \/>\nDepartment of French and Italian<br \/>\nIndiana University &#8211; Bloomington<br \/>\nGLobal and International Studies Building<br \/>\n355 North Jordan Avenue<br \/>\nBloomington IN 47405-1105 (USA)<br \/>\n<span style=\"color: #0000ff;\"><a style=\"color: #0000ff;\" href=\"mailto:presidente@cief.org\">Courriel <\/a><\/span>(cliquez le lien)<\/p>\n<\/td>\n<\/tr>\n<tr>\n<td class=\"liste\" align=\"left\" valign=\"top\">\n<p style=\"margin-bottom: 0;\"><strong><a id=\"secretaire\" name=\"secretaire\"><\/a>Secr\u00e9taire Tr\u00e9sori\u00e8re<\/strong><\/p>\n<p><strong>Carla CALARG\u00c9 <\/strong>(depuis 2012)<br \/>\nFlorida Atlantic University<br \/>\n<strong>Adresse:<\/strong> CI\u00c9F<br \/>\nCarla CALARG\u00c9<br \/>\nFlorida Atlantic University<br \/>\nDepartment of Languages, Linguistics, and Comparative Literature<br \/>\n777 Glades Road,<br \/>\nBoca Raton, FL 33431<br \/>\n<span style=\"color: #0000ff;\"><a style=\"color: #0000ff;\" href=\"mailto:secretaire@cief.org\">Courriel<\/a><\/span> (cliquez le lien)<\/td>\n<td class=\"liste\" align=\"left\" valign=\"top\">\n<p style=\"margin-bottom: 0;\"><a id=\"vice-president\"><\/a><strong>Vice-pr\u00e9sident<\/strong><\/p>\n<p><strong>Fran\u00e7ois OUELLET <\/strong>(Congr\u00e8s de 2020-2022)<br \/>\nUniversit\u00e9 du Qu\u00e9bec \u00e0 Chicoutimi<br \/>\nUQAC, 555 boul. de l\u2019Universit\u00e9<br \/>\nChicoutoumi QC, G7H 2B1<br \/>\nCANADA<br \/>\n<span style=\"color: #0000ff;\"><a style=\"color: #0000ff;\" href=\"mailto:vp@cief.org\">Courriel <\/a><\/span>(cliquez le lien)<\/td>\n<\/tr>\n<tr>\n<td class=\"liste\" colspan=\"2\" scope=\"col\" align=\"left\" valign=\"top\">\n<div align=\"center\">\n<h3 style=\"margin-top: 0; margin-bottom: 0;\">CONSEILL\u00c8RES<\/h3>\n<p><span class=\"style11\">(anciens membres de la Direction)<\/span><\/p>\n<\/div>\n<\/td>\n<\/tr>\n<tr>\n<td class=\"liste\" scope=\"col\" align=\"left\" valign=\"top\">\n<p style=\"margin-top: 0; margin-bottom: 0;\"><strong>Directrice g\u00e9n\u00e9rale conseil<\/strong><\/p>\n<p><strong>Eileen LOHKA<\/strong> (Directrice G\u00e9n\u00e9rale 2016-2017) ; Directrice int\u00e9rimaire 2017-2019<br \/>\nUniversit\u00e9 de Calgary, CANADA<\/td>\n<td class=\"liste\" scope=\"col\" align=\"left\" valign=\"top\">\n<p style=\"margin-top: 0; margin-bottom: 0;\"><strong>Pr\u00e9sidente sortante<\/strong><\/p>\n<p><strong>Lucie HOTTE<\/strong> (Congr\u00e8s de 2018 et 2019)<br \/>\nUniversit\u00e9 d&rsquo;Ottawa, CANADA<\/td>\n<\/tr>\n<tr>\n<td class=\"liste\" colspan=\"2\" scope=\"col\" align=\"left\" valign=\"top\">\n<h3 class=\"style14\" align=\"center\"><span class=\"style16\"><a id=\"redacteur\" name=\"redacteur\"><\/a>REVUE <em>NEF<\/em><\/span><\/h3>\n<\/td>\n<\/tr>\n<tr valign=\"top\">\n<td class=\"liste\" align=\"left\"><strong><strong>R\u00e9dactrice en chef<br \/>\n<\/strong>Val\u00e9rie MAGDELAINE-ANDRIANJAFITRIMO<\/strong><br \/>\nUniversit\u00e9 de La R\u00e9union, LA R\u00c9UNION<br \/>\n<span style=\"color: #0000ff;\"><a style=\"color: #0000ff;\" href=\"mailto:redactrice@cief.org\">Courriel<\/a><\/span> (cliquez le lien)<\/td>\n<td class=\"liste\" align=\"left\"><strong>R\u00e9dactrice en chef adjointe<br \/>\n<\/strong><strong>Alexandra GUEYDAN-TUREK<br \/>\n<\/strong>Swarthmore College, \u00c9TATS-UNIS<strong><br \/>\n<\/strong><a href=\"mailto:redactrice.nef@cief.org\">Courriel<\/a> <strong>(cliquez le lien)<\/strong><\/td>\n<\/tr>\n<tr>\n<td class=\"liste\" align=\"left\"><strong>R\u00e9dactrice adjointe<br \/>\n\u00c9lo\u00efse BREZAULT<br \/>\n<\/strong>New York University, USA<strong><br \/>\n<\/strong><a href=\"mailto:eloise.brezault@cief.org\">Courriel<\/a> (cliquez le lien)<\/td>\n<td class=\"liste\" align=\"left\"><strong>Directeur des recensions (depuis 2021)<br \/>\nEmmanuel Bruno JEAN-FRAN\u00c7OIS<br \/>\n<\/strong>Pennsylvania State University, \u00c9TATS-UNIS<strong><br \/>\n<\/strong><a href=\"mailto:recensions.nef@cief.org\">Courriel<\/a> <strong>(cliquez le lien)<\/strong><\/td>\n<\/tr>\n<tr>\n<td class=\"liste\" colspan=\"2\" scope=\"col\" align=\"left\" valign=\"top\">\n<div align=\"center\">\n<h3 style=\"margin-top: 0; margin-bottom: 0;\"><a id=\"conseil\" name=\"conseil\"><\/a>CONSEIL D&rsquo;ADMINISTRATION<\/h3>\n<\/div>\n<\/td>\n<\/tr>\n<tr valign=\"top\">\n<td class=\"liste\" align=\"left\" valign=\"top\">\n<p style=\"margin-top: 0px; margin-bottom: 0px;\"><strong>Markus ARNOLD <\/strong>(Congr\u00e8s 2021 &#8211; Congr\u00e8s 2024)<\/p>\n<p>Universit\u00e9 de Cape Town, AFRIQUE DU SUD<\/td>\n<td class=\"liste\" align=\"left\" valign=\"top\"><strong>Marianna IONESCU <\/strong>(Congr\u00e8s 2019 &#8211; Congr\u00e8s 2022)<\/p>\n<p>Huron University College, CANADA<\/td>\n<\/tr>\n<tr valign=\"top\">\n<td class=\"liste\" align=\"left\" valign=\"top\">\n<p style=\"margin-top: 0px; margin-bottom: 0px;\"><strong>Patrick BERGERON<\/strong> (Congr\u00e8s 2021 &#8211; Congr\u00e8s 2024)<\/p>\n<p>Universit\u00e9 du Nouveau-Brunswick, CANADA<\/td>\n<td class=\"liste\" align=\"left\" valign=\"top\"><strong>Jean-Guy MBOUDJEKE <\/strong>(Congr\u00e8s 2020 &#8211; 2023)<\/p>\n<p>University of Windsor, CANADA<\/td>\n<\/tr>\n<tr valign=\"top\">\n<td class=\"liste\" align=\"left\" valign=\"top\"><strong>Ta\u00ebb BERRADA<\/strong> (Congr\u00e8s 2019 \u2013 Congr\u00e8s 2022)<\/p>\n<p>Lehigh University, \u00c9TATS-UNIS<\/td>\n<td class=\"liste\" align=\"left\" valign=\"top\">\n<p style=\"margin-top: 0px; margin-bottom: 0px;\"><strong>Florina MATU <\/strong>(Congr\u00e8s 2020 &#8211; 2023)<\/p>\n<p>US Air Force Academy, \u00c9TATS-UNIS<\/td>\n<\/tr>\n<tr valign=\"top\">\n<td class=\"liste\" align=\"left\" valign=\"top\"><strong>Marie BULT\u00c9<\/strong> (Congr\u00e8s 2020 &#8211; Congr\u00e8s 2023)<\/p>\n<p>Universit\u00e9 Lille III, FRANCE<\/td>\n<td class=\"liste\" align=\"left\" valign=\"top\">\n<p style=\"margin-top: 0px; margin-bottom: 0px;\"><strong>Emmanuelle RADAR <\/strong>(Congr\u00e8s 2019 \u2013 Congr\u00e8s 2022)<\/p>\n<p>Radboud Iniversiteit, PAYS-BAS<\/td>\n<\/tr>\n<tr valign=\"top\">\n<td class=\"liste\" align=\"left\" valign=\"top\"><strong>Sarah BUCHANAN <\/strong>(Congr\u00e8s 2020 -Congr\u00e8s 2023)<\/p>\n<p>University of Minnesota-Morris, \u00c9TATS-UNIS<\/td>\n<td class=\"liste\" align=\"left\"><strong>Vincent SIMEDOH<\/strong> (Congr\u00e8s 2019 &#8211; Congr\u00e8s 2022)<\/p>\n<p>Dalhousie University, CANADA<\/td>\n<\/tr>\n<tr valign=\"top\">\n<td align=\"left\" valign=\"top\"><strong>Fanny DAUBIGNY<\/strong> (Congr\u00e8s 2019 &#8211; Congr\u00e8s 2022)<\/p>\n<p>California State University Fullerton, \u00c9TATS-UNIS<\/td>\n<td class=\"liste\" align=\"left\">\n<p style=\"margin-top: 0px; margin-bottom: 0px;\"><strong>Ana BEL\u00c9N SOTO<\/strong> (Congr\u00e8s 2021 &#8211; Congr\u00e8s 2024)<\/p>\n<p>Universit\u00e9 Autonome de Madrid, ESPAGNE<\/td>\n<\/tr>\n<tr valign=\"top\">\n<td class=\"liste\" align=\"left\" valign=\"top\"><strong>Julia FRENGS<\/strong> (Congr\u00e8s 2021 &#8211; Congr\u00e8s 2024)<\/p>\n<p>University of Nebraska-Lincoln, \u00c9TATS-UNIS<\/td>\n<td class=\"liste\" align=\"left\"><strong>Tomasz SWOBODA <\/strong>(Congr\u00e8s 2020 &#8211; Congr\u00e8s 2023)<\/p>\n<p style=\"margin-top: 0px; margin-bottom: 0px;\">Universit\u00e9 de Gdansk, POLOGNE<\/p>\n<\/td>\n<\/tr>\n<tr valign=\"top\">\n<td class=\"liste\" align=\"left\" valign=\"top\"><strong>Am\u00e9lie HIEN<\/strong> (Congr\u00e8s 2021 &#8211; Congr\u00e8s 2024)<\/p>\n<p>Universit\u00e9 Laurentienne, CANADA<\/td>\n<td class=\"liste\" align=\"left\">\n<p style=\"margin-top: 0; margin-bottom: 0;\">\n<\/td>\n<\/tr>\n<tr>\n<td class=\"liste\" colspan=\"2\" scope=\"col\" align=\"left\" valign=\"top\">\n<div align=\"center\">\n<h3 style=\"margin-top: 0; margin-bottom: 0;\"><span style=\"margin-top: 0; margin-bottom: 0;\"><a id=\"regions\" name=\"regions\"><\/a>REPR\u00c9SENTANTS R\u00c9GIONAUX <\/span><\/h3>\n<\/div>\n<\/td>\n<\/tr>\n<tr valign=\"top\">\n<td class=\"liste\" align=\"left\" valign=\"top\">\n<h4 style=\"margin-top: 0;\">Afrique subsaharienne<\/h4>\n<blockquote style=\"margin-bottom: 0;\">\n<p style=\"margin-bottom: 0;\"><strong>Mamadou FAYE <\/strong>(depuis 2018) Universit\u00e9 Cheikh Anta Diop, S\u00e9n\u00e9gal<\/p>\n<\/blockquote>\n<\/td>\n<td class=\"liste\" align=\"left\" valign=\"top\">\n<h4 style=\"margin-top: 0;\">Am\u00e9rique Latine<\/h4>\n<blockquote style=\"margin-bottom: 0;\">\n<p class=\"liste\" style=\"margin-bottom: 0px; text-align: justify;\"><strong>Cristina M. CASADEI PIETRAR\u00d2IA<\/strong> (depuis 2009)<br \/>\nUniversidade de Sao Paulo<br \/>\nDepartamento de Letras modernas<br \/>\nAv. Prof Luciano Gualberto, 403-Sala:15<br \/>\nSao Paulo-SP-Brasil-CEP: 05508-900<br \/>\nBR\u00c9SIL<br \/>\nT\u00e9l.: +55-11-30915041<br \/>\n<span style=\"color: #0000ff;\"><a style=\"color: #0000ff;\" href=\"mailto:crispi@usp.br\">Courriel<\/a> <\/span>(cliquez le lien)<\/p>\n<\/blockquote>\n<\/td>\n<\/tr>\n<tr valign=\"top\">\n<td class=\"liste\" align=\"left\" valign=\"top\">\n<h4 style=\"margin-top: 0;\">Asie\/Oc\u00e9anie<\/h4>\n<blockquote style=\"margin-bottom: 0;\">\n<p class=\"liste\" style=\"margin-bottom: 0;\"><strong>Constantin GRIGORUT<\/strong> (depuis 2009)<br \/>\nUniversity of Otago<br \/>\nThe French Programme<br \/>\nOtago, 9001 NEW ZEALAND<br \/>\nT\u00e9l.: +64-3-479-8701<br \/>\n<span style=\"color: #0000ff;\"><a style=\"color: #0000ff;\" href=\"mailto:constantin.grigorut@otago.ac.nz\">Courriel<\/a><\/span> (cliquez le lien)<\/p>\n<\/blockquote>\n<\/td>\n<td class=\"liste\" align=\"left\" valign=\"top\">\n<h4 style=\"margin-top: 0;\">Cara\u00efbe<\/h4>\n<blockquote style=\"margin-bottom: 0;\">\n<p style=\"margin-bottom: 0;\"><strong>Isabelle CONSTANT<\/strong> (depuis 2009)<br \/>\nUniversity of The West Indies, Cave Hill<br \/>\nDept of Language, Linguistics and Literature<br \/>\nBridgetown, BB 11100, BARBADOS<br \/>\nT\u00e9l.: +1-246-417-4410<br \/>\n<span style=\"color: #0000ff;\"><a style=\"color: #0000ff;\" href=\"mailto:isabelle_constant@yahoo.com\">Courriel<\/a><\/span> (cliquez le lien)<\/p>\n<\/blockquote>\n<\/td>\n<\/tr>\n<tr valign=\"top\">\n<td align=\"left\" valign=\"top\">\n<h4 style=\"margin-top: 0;\">Europe<\/h4>\n<blockquote style=\"margin-bottom: 0;\">\n<p class=\"liste\" style=\"margin-bottom: 0;\"><strong>Paule CONSTANT<\/strong> (depuis 2008)<br \/>\nUniversit\u00e9 Paul C\u00e9zanne (Aix-Marseille III)<br \/>\n23, rue Gaston de Saporta<br \/>\n13100 Aix-en-Provence, FRANCE<br \/>\nT\u00e9l: +33-(0)4-42-21-70-90<br \/>\nFax: +33-(0)4-42-23-02-64<br \/>\n<span style=\"color: #0000ff;\"><a style=\"color: #0000ff;\" href=\"mailto:paule.constant@wanadoo.fr\">Courriel<\/a><\/span> (cliquez le lien)<\/p>\n<\/blockquote>\n<\/td>\n<td class=\"liste\" align=\"left\" valign=\"top\">\n<h4 style=\"margin-top: 0;\">Maghreb<\/h4>\n<blockquote style=\"margin-bottom: 0;\">\n<p class=\"liste\" style=\"margin-bottom: 0;\"><strong>Moncef KHEMIRI<\/strong> (depuis 2006)<strong><br \/>\n<\/strong>Universit\u00e9\u00a0de la Manouba,<br \/>\nFacult\u00e9 des Lettres<br \/>\nUniversit\u00e9 de Tunis, \u00c9cole Normale Sup\u00e9rieure,<br \/>\nTUNISIE<br \/>\n<span style=\"color: #0000ff;\"><a style=\"color: #0000ff;\" href=\"mailto:moncef.khemiri@flm.rnu.tn\">Courriel<\/a><\/span> (cliquez le lien)<\/p>\n<\/blockquote>\n<\/td>\n<\/tr>\n<tr valign=\"top\">\n<td class=\"liste\" colspan=\"2\" align=\"left\" valign=\"top\">\n<div align=\"center\">\n<h3 style=\"margin-top: 0; margin-bottom: 0;\"><a id=\"assistants\" name=\"assistants\"><\/a>ASSISTANTS<\/h3>\n<\/div>\n<\/td>\n<\/tr>\n<tr valign=\"top\">\n<td class=\"liste\" align=\"left\" valign=\"top\">\n<p style=\"margin-top: 0; margin-bottom: 0;\"><strong>Linda BRINDEAU<\/strong>, University of Wisconsin, USA : assistante \u00e0 la revue <em>NEF<\/em><\/p>\n<\/td>\n<td class=\"liste\" align=\"left\" valign=\"top\"><\/td>\n<\/tr>\n<\/tbody>\n<\/table>\n","protected":false},"excerpt":{"rendered":"<p>La direction du CI\u00c9F est assur\u00e9e par un Conseil d&rsquo;Administration, compos\u00e9 de 15 repr\u00e9sentants de continents et secteurs d&rsquo;activit\u00e9 diff\u00e9rents. Les mandats des membres du Conseil sont de 3 ans (voir une page montrant les anciens membres depuis 2000). La\u00a0R\u00e9dactrice en chef de la revue Nouvelles \u00c9tudes Francophones (NEF) fait aussi partie du Conseil d&rsquo;Administration, [&hellip;]<\/p>\n","protected":false},"author":1,"featured_media":0,"parent":18,"menu_order":0,"comment_status":"closed","ping_status":"open","template":"page-full.php","meta":[],"categories":[4],"tags":[],"_links":{"self":[{"href":"https:\/\/dev1.cief.org\/index.php?rest_route=\/wp\/v2\/pages\/54"}],"collection":[{"href":"https:\/\/dev1.cief.org\/index.php?rest_route=\/wp\/v2\/pages"}],"about":[{"href":"https:\/\/dev1.cief.org\/index.php?rest_route=\/wp\/v2\/types\/page"}],"author":[{"embeddable":true,"href":"https:\/\/dev1.cief.org\/index.php?rest_route=\/wp\/v2\/users\/1"}],"replies":[{"embeddable":true,"href":"https:\/\/dev1.cief.org\/index.php?rest_route=%2Fwp%2Fv2%2Fcomments&post=54"}],"version-history":[{"count":68,"href":"https:\/\/dev1.cief.org\/index.php?rest_route=\/wp\/v2\/pages\/54\/revisions"}],"predecessor-version":[{"id":155042,"href":"https:\/\/dev1.cief.org\/index.php?rest_route=\/wp\/v2\/pages\/54\/revisions\/155042"}],"up":[{"embeddable":true,"href":"https:\/\/dev1.cief.org\/index.php?rest_route=\/wp\/v2\/pages\/18"}],"wp:attachment":[{"href":"https:\/\/dev1.cief.org\/index.php?rest_route=%2Fwp%2Fv2%2Fmedia&parent=54"}],"wp:term":[{"taxonomy":"category","embeddable":true,"href":"https:\/\/dev1.cief.org\/index.php?rest_route=%2Fwp%2Fv2%2Fcategories&post=54"},{"taxonomy":"post_tag","embeddable":true,"href":"https:\/\/dev1.cief.org\/index.php?rest_route=%2Fwp%2Fv2%2Ftags&post=54"}],"curies":[{"name":"wp","href":"https:\/\/api.w.org\/{rel}","templated":true}]}}