{"id":427,"date":"2015-07-02T14:33:19","date_gmt":"2015-07-02T14:33:19","guid":{"rendered":"https:\/\/dev1.cief.org\/?page_id=427"},"modified":"2017-08-09T08:15:39","modified_gmt":"2017-08-09T08:15:39","slug":"pour-soumettre-une-annonce-dans-le-bulletin","status":"publish","type":"page","link":"https:\/\/dev1.cief.org\/?page_id=427","title":{"rendered":"Pour soumettre une annonce dans le bulletin"},"content":{"rendered":"<p>Pour que votre annonce de publication puisse paraitre dans le bulletin, il faut que vous soyez membre de l\u2019organisation et que <span style=\"color: #ff0000;\">votre cotisation soit \u00e0 jour<\/span>.<\/p>\n<p>\u00cates-vous \u00e0 jour de cotisation pour l\u2019ann\u00e9e en cours\u00a0? Si non, veuillez renouveler votre adh\u00e9sion dans <a href=\"https:\/\/dev1.cief.org\/formadhesion\/step.php\">l\u2019espace membre<\/a>.<\/p>\n<p>Choisissez le type d\u2019annonce que vous d\u00e9sirez soumettre\u00a0:<\/p>\n<ul>\n<li><a href=\"https:\/\/dev1.cief.org\/?page_id=498\">Annonce de parution d\u2019une publication<\/a><\/li>\n<li><a href=\"https:\/\/dev1.cief.org\/?page_id=500\">Appel \u00e0 contributions<\/a><\/li>\n<li><a href=\"https:\/\/dev1.cief.org\/?page_id=502\">Appel \u00e0 communications<\/a><\/li>\n<li><a href=\"https:\/\/dev1.cief.org\/?page_id=504\">Annonces diverses (postes universitaires, etc.)<\/a><\/li>\n<li><a href=\"https:\/\/dev1.cief.org\/?page_id=506\">In Memoriam<\/a><\/li>\n<li><a href=\"https:\/\/dev1.cief.org\/?page_id=10218\">Annonces du comit\u00e9 ex\u00e9cutif<\/a> (Espace priv\u00e9)<\/li>\n<\/ul>\n","protected":false},"excerpt":{"rendered":"<p>Pour que votre annonce de publication puisse paraitre dans le bulletin, il faut que vous soyez membre de l\u2019organisation et que votre cotisation soit \u00e0 jour. \u00cates-vous \u00e0 jour de cotisation pour l\u2019ann\u00e9e en cours\u00a0? Si non, veuillez renouveler votre adh\u00e9sion dans l\u2019espace membre. Choisissez le type d\u2019annonce que vous d\u00e9sirez soumettre\u00a0: Annonce de parution [&hellip;]<\/p>\n","protected":false},"author":1,"featured_media":0,"parent":0,"menu_order":0,"comment_status":"closed","ping_status":"open","template":"page-full.php","meta":[],"categories":[4],"tags":[],"_links":{"self":[{"href":"https:\/\/dev1.cief.org\/index.php?rest_route=\/wp\/v2\/pages\/427"}],"collection":[{"href":"https:\/\/dev1.cief.org\/index.php?rest_route=\/wp\/v2\/pages"}],"about":[{"href":"https:\/\/dev1.cief.org\/index.php?rest_route=\/wp\/v2\/types\/page"}],"author":[{"embeddable":true,"href":"https:\/\/dev1.cief.org\/index.php?rest_route=\/wp\/v2\/users\/1"}],"replies":[{"embeddable":true,"href":"https:\/\/dev1.cief.org\/index.php?rest_route=%2Fwp%2Fv2%2Fcomments&post=427"}],"version-history":[{"count":8,"href":"https:\/\/dev1.cief.org\/index.php?rest_route=\/wp\/v2\/pages\/427\/revisions"}],"predecessor-version":[{"id":10227,"href":"https:\/\/dev1.cief.org\/index.php?rest_route=\/wp\/v2\/pages\/427\/revisions\/10227"}],"wp:attachment":[{"href":"https:\/\/dev1.cief.org\/index.php?rest_route=%2Fwp%2Fv2%2Fmedia&parent=427"}],"wp:term":[{"taxonomy":"category","embeddable":true,"href":"https:\/\/dev1.cief.org\/index.php?rest_route=%2Fwp%2Fv2%2Fcategories&post=427"},{"taxonomy":"post_tag","embeddable":true,"href":"https:\/\/dev1.cief.org\/index.php?rest_route=%2Fwp%2Fv2%2Ftags&post=427"}],"curies":[{"name":"wp","href":"https:\/\/api.w.org\/{rel}","templated":true}]}}