{"id":18,"date":"2014-01-16T16:54:23","date_gmt":"2014-01-16T16:54:23","guid":{"rendered":"https:\/\/dev1.cief.org\/?page_id=18"},"modified":"2019-06-29T16:34:21","modified_gmt":"2019-06-29T16:34:21","slug":"accueil","status":"publish","type":"page","link":"https:\/\/dev1.cief.org\/","title":{"rendered":"Bienvenue sur le site du CI\u00c9F"},"content":{"rendered":"<h4><em>association fond\u00e9e en 1987<\/em><\/h4>\n<h3>Notre Organisation<\/h3>\n<p>Le Conseil International d&rsquo;\u00c9tudes Francophones est une association internationale, \u00e0 but non lucratif, ayant pour objectif le d\u00e9veloppement des \u00e9tudes, de la recherche, des publications et des productions francophones ou portant sur la francophonie dans le monde entendue dans un sens large qui comprend la France. Profond\u00e9ment ancr\u00e9 dans la francophonie nord-am\u00e9ricaine o\u00f9 il a vu le jour, le CI\u00c9F s&rsquo;adresse \u00e0 tous ceux et celles dont les travaux portent sur la litt\u00e9rature et la culture dans le monde francophone. Privil\u00e9giant les approches pluri- et interdisciplinaires, l&rsquo;action du CI\u00c9F ne se limite pas aux pays francophones et vise la francophonie partout o\u00f9 elle existe. Voir <a href=\"https:\/\/dev1.cief.org\/?page_id=51\"><strong>l&rsquo;historique<\/strong><\/a> et la <a href=\"https:\/\/dev1.cief.org\/?page_id=54\"><strong>structure<\/strong><\/a> de l&rsquo;association.<\/p>\n<h3>Nos Adh\u00e9rents<\/h3>\n<p>Les membres du CI\u00c9F sont essentiellement des chercheurs et chercheuses, des enseignants et enseignantes\u00a0universitaires, mais aussi des \u00e9crivaines et des \u00e9crivains, des critiques et des artistes. Ils proviennent de plus de quarante pays diff\u00e9rents bien que la majorit\u00e9 soit des \u00c9tats-Unis et du Canada. Le CI\u00c9F comprend \u00e0 l\u2019heure actuelle des repr\u00e9sentants d\u2019Afrique, d\u2019Europe, d\u2019Asie, d\u2019Oc\u00e9anie, des Antilles et de l\u2019Am\u00e9rique latine.\u00a0Voir l&rsquo;<a href=\"https:\/\/dev1.cief.org\/formadhesion\/login.php\"><strong>espace membre<\/strong><\/a> o\u00f9 les membres peuvent effectuer leur adh\u00e9sion et leur inscription au congr\u00e8s. Voir \u00e9galement les\u00a0<a href=\"https:\/\/dev1.cief.org\/?page_id=130\"><strong>nouvelles de nos membres<\/strong><\/a>.<\/p>\n<h3>Nos Congr\u00e8s<\/h3>\n<p>Tous les ans, le CI\u00c9F organise un <strong><a href=\"https:\/\/dev1.cief.org\/?page_id=265\">Congr\u00e8s Mondial<\/a><\/strong> r\u00e9unissant de 200 \u00e0 400 participants : universitaires, \u00e9crivaines et \u00e9crivains, artistes, critiques et journalistes en provenance de tous les pays et r\u00e9gions de la francophonie. En plus d\u2019un grand nombre de sessions pluridisciplinaires, le Congr\u00e8s accueille beaucoup d\u2019artistes francophones et propose des soir\u00e9es de lecture, des rencontres et des tables rondes de cr\u00e9ateurs et cr\u00e9atrices issus du monde francophone. Le Congr\u00e8s comprend \u00e9galement des r\u00e9ceptions offertes par des d\u00e9l\u00e9gations diplomatiques, par des institutions universitaires locales et par les municipalit\u00e9s. Diverses excursions sont organis\u00e9es \u00e0 chaque Congr\u00e8s. Un libraire local est pr\u00e9sent sur le lieu du Congr\u00e8s et propose un vaste choix de publications en \u00e9tudes francophones ainsi que sur les auteures pr\u00e9sentes et auteurs pr\u00e9sents et faisant l\u2019objet de communications au Congr\u00e8s.<\/p>\n<p>Les Congr\u00e8s pr\u00e9c\u00e9dents ont eu lieu dans diverses r\u00e9gions francophones, par exemple en France et en Belgique, en Am\u00e9rique du Nord,\u00a0 dans les Antilles, au Maghreb, en Afrique et dans l&rsquo;Oc\u00e9an Indien. Pour plus de d\u00e9tails sur chaque congr\u00e8s, veuillez consulter la <a href=\"https:\/\/dev1.cief.org\/?page_id=96\"><strong>page des congr\u00e8s pr\u00e9c\u00e9dents<\/strong><\/a>.<\/p>\n<h3>Session du CI\u00c9F \u00e0 la MLA<\/h3>\n<p>Voir\u00a0les informations\u00a0pour la <a href=\"https:\/\/dev1.cief.org\/?page_id=825\">session du CI\u00c9F au congr\u00e8s de la MLA<\/a>.<\/p>\n<h3>Notre Revue scientifique<\/h3>\n<p>Deux fois par an le CI\u00c9F publie la revue scientifique <em>Nouvelles \u00c9tudes Francophones<\/em> (<em>NEF<\/em>), anciennement <em>\u00c9tudes Francophones<\/em>, distribu\u00e9e aux membres du CI\u00c9F. Voir le <a href=\"https:\/\/dev1.cief.org\/?page_id=112\"><strong>site de <em>NEF<\/em><\/strong><\/a> pour tous les d\u00e9tails concernant la revue.<\/p>\n<h3>Notre Prix du Conseil International d&rsquo;\u00c9tudes Francophones<\/h3>\n<p>Le CI\u00c9F d\u00e9cerne \u00e0 chaque Congr\u00e8s le <strong><a href=\"https:\/\/dev1.cief.org\/?page_id=101\">Prix du Conseil International d&rsquo;\u00c9tudes Francophones<\/a><\/strong> (autrefois nomm\u00e9 Prix Maurice Cagnon en hommage \u00e0 Maurice Cagnon, fondateur du CI\u00c9F en 1987). Ce prix r\u00e9compense une, parfois deux personnes pour leur contribution exceptionnelle au d\u00e9veloppement des \u00e9tudes francophones dans le monde. Pour plus de d\u00e9tail sur les r\u00e9cipiendaires chaque ann\u00e9e, veuillez consulter la <strong><a href=\"https:\/\/dev1.cief.org\/?page_id=101\">page du Prix<\/a><\/strong>.<\/p>\n<h3>Notre Prix Jeune Chercheur<\/h3>\n<p>Afin d&rsquo;encourager la recherche sur les \u00e9tudes francophones aupr\u00e8s des jeunes chercheurs et chercheuses et de les aider dans leurs \u00e9tudes, un prix de 600 $ US est accord\u00e9 \u00e0 la meilleure communication d&rsquo;un-e \u00e9tudiant-e en doctorat pr\u00e9sent\u00e9e lors du congr\u00e8s. Voir la page consacr\u00e9e au <a href=\"https:\/\/dev1.cief.org\/?page_id=103\"><strong>Prix Jeune Chercheur<\/strong><\/a>.<\/p>\n<h3>Notre infolettre bimensuelle<\/h3>\n<p>Deux fois par mois (sauf durant les vacances de juillet et ao\u00fbt), le CI\u00c9F envoie une infolettre \u00e9lectronique aux membres de l\u2019association par la liste de diffusion. Ces bulletins contiennent des nouvelles des membres, des annonces de publications, des annonces de colloques, des annonces de postes universitaires, des appels \u00e0 communications ou \u00e0 contributions. Pour soumettre une annonce, suivre la proc\u00e9dure affich\u00e9e sur la page \u00ab\u00a0<strong><a href=\"https:\/\/dev1.cief.org\/?page_id=130\">bulletin et annonces<\/a><\/strong>\u00a0\u00bb.<\/p>\n","protected":false},"excerpt":{"rendered":"<p>association fond\u00e9e en 1987 Notre Organisation Le Conseil International d&rsquo;\u00c9tudes Francophones est une association internationale, \u00e0 but non lucratif, ayant pour objectif le d\u00e9veloppement des \u00e9tudes, de la recherche, des publications et des productions francophones ou portant sur la francophonie dans le monde entendue dans un sens large qui comprend la France. Profond\u00e9ment ancr\u00e9 dans [&hellip;]<\/p>\n","protected":false},"author":1,"featured_media":0,"parent":0,"menu_order":0,"comment_status":"closed","ping_status":"open","template":"page-full.php","meta":[],"categories":[4],"tags":[],"_links":{"self":[{"href":"https:\/\/dev1.cief.org\/index.php?rest_route=\/wp\/v2\/pages\/18"}],"collection":[{"href":"https:\/\/dev1.cief.org\/index.php?rest_route=\/wp\/v2\/pages"}],"about":[{"href":"https:\/\/dev1.cief.org\/index.php?rest_route=\/wp\/v2\/types\/page"}],"author":[{"embeddable":true,"href":"https:\/\/dev1.cief.org\/index.php?rest_route=\/wp\/v2\/users\/1"}],"replies":[{"embeddable":true,"href":"https:\/\/dev1.cief.org\/index.php?rest_route=%2Fwp%2Fv2%2Fcomments&post=18"}],"version-history":[{"count":22,"href":"https:\/\/dev1.cief.org\/index.php?rest_route=\/wp\/v2\/pages\/18\/revisions"}],"predecessor-version":[{"id":84156,"href":"https:\/\/dev1.cief.org\/index.php?rest_route=\/wp\/v2\/pages\/18\/revisions\/84156"}],"wp:attachment":[{"href":"https:\/\/dev1.cief.org\/index.php?rest_route=%2Fwp%2Fv2%2Fmedia&parent=18"}],"wp:term":[{"taxonomy":"category","embeddable":true,"href":"https:\/\/dev1.cief.org\/index.php?rest_route=%2Fwp%2Fv2%2Fcategories&post=18"},{"taxonomy":"post_tag","embeddable":true,"href":"https:\/\/dev1.cief.org\/index.php?rest_route=%2Fwp%2Fv2%2Ftags&post=18"}],"curies":[{"name":"wp","href":"https:\/\/api.w.org\/{rel}","templated":true}]}}