{"id":139,"date":"2014-01-28T16:51:06","date_gmt":"2014-01-28T16:51:06","guid":{"rendered":"https:\/\/dev1.cief.org\/?page_id=139"},"modified":"2019-06-29T16:33:13","modified_gmt":"2019-06-29T16:33:13","slug":"espace-executif","status":"publish","type":"page","link":"https:\/\/dev1.cief.org\/?page_id=139","title":{"rendered":"Espace Ex\u00e9cutif"},"content":{"rendered":"<p>Ci-dessous veuillez trouver, dans la mesure du possible, les proc\u00e8s-verbaux des assembl\u00e9es g\u00e9n\u00e9rales des derniers congr\u00e8s.<\/p>\n<p><a href=\"https:\/\/dev1.cief.org\/wp-content\/uploads\/2019\/06\/PV-AG-La-Rochelle-2018.docx\">Proc\u00e8s-verbal de l&rsquo;AG de La Rochelle<\/a>, France (2018)<\/p>\n<p><a href=\"https:\/\/dev1.cief.org\/wp-content\/uploads\/2018\/06\/PV-AG-Martinique-2017-final.pdf\">Proc\u00e8s-verbal de l&rsquo;AG de Schoelcher, Martinique<\/a> (2017)<\/p>\n<p><a href=\"https:\/\/dev1.cief.org\/wp-content\/uploads\/2017\/08\/PV-AG-Senegal-2016.pdf\">Proc\u00e8s-verbal de l&rsquo;AG de Saly-Portudal<\/a> (2016)<\/p>\n<p><a href=\"https:\/\/dev1.cief.org\/wp-content\/uploads\/2014\/01\/Proces-Verbal2015.pdf\">Proc\u00e8s-verbal de l&rsquo;AG de Winnipeg<\/a> (2015)<\/p>\n<p><a href=\"https:\/\/dev1.cief.org\/wp-content\/uploads\/2017\/12\/PV-AG-San-Francisco-2014.pdf\">Proc\u00e8s-verbal de l&rsquo;AG de San Francisco<\/a> (2014)<\/p>\n<p><a href=\"https:\/\/dev1.cief.org\/wp-content\/uploads\/2017\/12\/PV-AG-Maurice-2013.pdf\">Proc\u00e8s-verbal de l&rsquo;AG de Grand-Baie, Ile Maurice<\/a> (2013)<\/p>\n<p><a href=\"https:\/\/dev1.cief.org\/wp-content\/uploads\/2017\/12\/PV-AG-Thessalonique-2012.pdf\">Proc\u00e8s-verbal de l&rsquo;AG de Thessalonique<\/a> (2012)<\/p>\n<p><a href=\"https:\/\/dev1.cief.org\/wp-content\/uploads\/2017\/12\/PV-AG-Aix-2011.pdf\">Proc\u00e8s-verbal de l&rsquo;AG d&rsquo;Aix-en-Provence<\/a> (2011)<\/p>\n<p><a href=\"https:\/\/dev1.cief.org\/wp-content\/uploads\/2017\/12\/PV-AG-2010_MONTREAL.pdf\">Proc\u00e8s-verbal de l&rsquo;AG de Montr\u00e9al<\/a> (2010)<\/p>\n<p><a href=\"https:\/\/dev1.cief.org\/wp-content\/uploads\/2017\/12\/ordre_J_AG_2009.pdf\">Ordre du jour de l&rsquo;AG de La Nouvelle-Orl\u00e9ans<\/a> (2009)<\/p>\n<p><a href=\"https:\/\/dev1.cief.org\/wp-content\/uploads\/2017\/12\/PV_AG_2008.pdf\">Proc\u00e8s-verbal de l&rsquo;AG de Limoges<\/a> (2008)<\/p>\n<p><a href=\"https:\/\/dev1.cief.org\/wp-content\/uploads\/2017\/12\/PV-CA-2007.pdf\">Proc\u00e8s-verbal du CA de Cayenne, Guyane<\/a> (2007)<\/p>\n<p><a href=\"https:\/\/dev1.cief.org\/wp-content\/uploads\/2017\/12\/PV-AG-Sinaia-2006.pdf\">Proc\u00e8s-verbal de l&rsquo;AG de Sina\u00efa, Roumanie<\/a> (2006)<\/p>\n<p><a href=\"https:\/\/dev1.cief.org\/wp-content\/uploads\/2017\/12\/pv-CA-2004-Liege.pdf\">Proc\u00e8s-verbal du CA de Li\u00e8ge, Belgique<\/a> (2004)<\/p>\n<p><a href=\"https:\/\/dev1.cief.org\/wp-content\/uploads\/2017\/12\/pv-AG-Nola-2003.pdf\">Proc\u00e8s-verbal de l&rsquo;AG de La Nouvelle-Orl\u00e9ans<\/a> (2003)<\/p>\n<p><a href=\"https:\/\/dev1.cief.org\/wp-content\/uploads\/2017\/12\/pv-AG-Abidjan-2002.pdf\">Proc\u00e8s-verbal de l&rsquo;AG d&rsquo;Abidjan, C\u00f4te d&rsquo;Ivoire<\/a> (2002)<\/p>\n","protected":false},"excerpt":{"rendered":"<p>Ci-dessous veuillez trouver, dans la mesure du possible, les proc\u00e8s-verbaux des assembl\u00e9es g\u00e9n\u00e9rales des derniers congr\u00e8s. Proc\u00e8s-verbal de l&rsquo;AG de La Rochelle, France (2018) Proc\u00e8s-verbal de l&rsquo;AG de Schoelcher, Martinique (2017) Proc\u00e8s-verbal de l&rsquo;AG de Saly-Portudal (2016) Proc\u00e8s-verbal de l&rsquo;AG de Winnipeg (2015) Proc\u00e8s-verbal de l&rsquo;AG de San Francisco (2014) Proc\u00e8s-verbal de l&rsquo;AG de Grand-Baie, [&hellip;]<\/p>\n","protected":false},"author":1,"featured_media":0,"parent":130,"menu_order":0,"comment_status":"closed","ping_status":"open","template":"page-full.php","meta":[],"categories":[4],"tags":[],"_links":{"self":[{"href":"https:\/\/dev1.cief.org\/index.php?rest_route=\/wp\/v2\/pages\/139"}],"collection":[{"href":"https:\/\/dev1.cief.org\/index.php?rest_route=\/wp\/v2\/pages"}],"about":[{"href":"https:\/\/dev1.cief.org\/index.php?rest_route=\/wp\/v2\/types\/page"}],"author":[{"embeddable":true,"href":"https:\/\/dev1.cief.org\/index.php?rest_route=\/wp\/v2\/users\/1"}],"replies":[{"embeddable":true,"href":"https:\/\/dev1.cief.org\/index.php?rest_route=%2Fwp%2Fv2%2Fcomments&post=139"}],"version-history":[{"count":7,"href":"https:\/\/dev1.cief.org\/index.php?rest_route=\/wp\/v2\/pages\/139\/revisions"}],"predecessor-version":[{"id":84155,"href":"https:\/\/dev1.cief.org\/index.php?rest_route=\/wp\/v2\/pages\/139\/revisions\/84155"}],"up":[{"embeddable":true,"href":"https:\/\/dev1.cief.org\/index.php?rest_route=\/wp\/v2\/pages\/130"}],"wp:attachment":[{"href":"https:\/\/dev1.cief.org\/index.php?rest_route=%2Fwp%2Fv2%2Fmedia&parent=139"}],"wp:term":[{"taxonomy":"category","embeddable":true,"href":"https:\/\/dev1.cief.org\/index.php?rest_route=%2Fwp%2Fv2%2Fcategories&post=139"},{"taxonomy":"post_tag","embeddable":true,"href":"https:\/\/dev1.cief.org\/index.php?rest_route=%2Fwp%2Fv2%2Ftags&post=139"}],"curies":[{"name":"wp","href":"https:\/\/api.w.org\/{rel}","templated":true}]}}