{"id":121439,"date":"2020-06-25T09:11:54","date_gmt":"2020-06-25T09:11:54","guid":{"rendered":"https:\/\/dev1.cief.org\/?page_id=121439"},"modified":"2021-03-29T09:46:19","modified_gmt":"2021-03-29T09:46:19","slug":"renseignements-pratiques","status":"publish","type":"page","link":"https:\/\/dev1.cief.org\/?page_id=121439","title":{"rendered":"Renseignements pratiques"},"content":{"rendered":"<h4>Adh\u00e9sion au CI\u00c9F<\/h4>\n<p>Comme il est d&rsquo;usage, votre adh\u00e9sion au CI\u00c9F est requise afin de pouvoir vous inscrire et participer au congr\u00e8s. La date limite pour r\u00e9gler votre adh\u00e9sion est le 1er f\u00e9vrier au-del\u00e0 de quoi le titre de votre communication sera retir\u00e9 du programme du congr\u00e8s.<\/p>\n<h4 align=\"justify\">Inscription au congr\u00e8s<\/h4>\n<p align=\"justify\">La date limite pour jouir du tarif r\u00e9gulier est le 28 f\u00e9vrier. Au-del\u00e0 de cette date, les tarifs augmenteront r\u00e9guli\u00e8rement. En cas de d\u00e9sistement, et sur demande envoy\u00e9e \u00e0 la secr\u00e9taire-tr\u00e9sori\u00e8re de l\u2019association (<a href=\"mailto:secretaire@cief.org\">secretaire@cief.org<\/a>), le CI\u00c9F remboursera 100% des frais d\u2019inscription jusqu\u2019au 28 f\u00e9vrier et 50% du 1er au 31 mars. <strong>Aucun remboursement ne sera effectu\u00e9 pour les d\u00e9sistements apr\u00e8s le 31 mars.<\/strong><\/p>\n<h4 align=\"justify\">Prix Jeune Chercheur<\/h4>\n<p align=\"justify\">La date limite de soumission des communications compl\u00e8tes \u00e0 la <a href=\"mailto:secretaire@cief.org\">secr\u00e9taire-tr\u00e9sori\u00e8re<\/a> est le<strong>\u00a015 avril. <\/strong>Si vous souhaitez soumettre votre communication, pri\u00e8re de consulter la <a href=\"https:\/\/dev1.cief.org\/?page_id=103\">page Prix jeune chercheur<\/a>.<strong><br \/>\n<\/strong><\/p>\n","protected":false},"excerpt":{"rendered":"<p>Adh\u00e9sion au CI\u00c9F Comme il est d&rsquo;usage, votre adh\u00e9sion au CI\u00c9F est requise afin de pouvoir vous inscrire et participer au congr\u00e8s. La date limite pour r\u00e9gler votre adh\u00e9sion est le 1er f\u00e9vrier au-del\u00e0 de quoi le titre de votre communication sera retir\u00e9 du programme du congr\u00e8s. Inscription au congr\u00e8s La date limite pour jouir [&hellip;]<\/p>\n","protected":false},"author":1,"featured_media":0,"parent":121430,"menu_order":0,"comment_status":"closed","ping_status":"closed","template":"page-congres.php","meta":[],"categories":[27],"tags":[],"_links":{"self":[{"href":"https:\/\/dev1.cief.org\/index.php?rest_route=\/wp\/v2\/pages\/121439"}],"collection":[{"href":"https:\/\/dev1.cief.org\/index.php?rest_route=\/wp\/v2\/pages"}],"about":[{"href":"https:\/\/dev1.cief.org\/index.php?rest_route=\/wp\/v2\/types\/page"}],"author":[{"embeddable":true,"href":"https:\/\/dev1.cief.org\/index.php?rest_route=\/wp\/v2\/users\/1"}],"replies":[{"embeddable":true,"href":"https:\/\/dev1.cief.org\/index.php?rest_route=%2Fwp%2Fv2%2Fcomments&post=121439"}],"version-history":[{"count":5,"href":"https:\/\/dev1.cief.org\/index.php?rest_route=\/wp\/v2\/pages\/121439\/revisions"}],"predecessor-version":[{"id":144487,"href":"https:\/\/dev1.cief.org\/index.php?rest_route=\/wp\/v2\/pages\/121439\/revisions\/144487"}],"up":[{"embeddable":true,"href":"https:\/\/dev1.cief.org\/index.php?rest_route=\/wp\/v2\/pages\/121430"}],"wp:attachment":[{"href":"https:\/\/dev1.cief.org\/index.php?rest_route=%2Fwp%2Fv2%2Fmedia&parent=121439"}],"wp:term":[{"taxonomy":"category","embeddable":true,"href":"https:\/\/dev1.cief.org\/index.php?rest_route=%2Fwp%2Fv2%2Fcategories&post=121439"},{"taxonomy":"post_tag","embeddable":true,"href":"https:\/\/dev1.cief.org\/index.php?rest_route=%2Fwp%2Fv2%2Ftags&post=121439"}],"curies":[{"name":"wp","href":"https:\/\/api.w.org\/{rel}","templated":true}]}}