{"id":121438,"date":"2020-06-25T09:11:54","date_gmt":"2020-06-25T09:11:54","guid":{"rendered":"https:\/\/dev1.cief.org\/?page_id=121438"},"modified":"2021-05-13T16:34:50","modified_gmt":"2021-05-13T16:34:50","slug":"partenaires-du-congres","status":"publish","type":"page","link":"https:\/\/dev1.cief.org\/?page_id=121438","title":{"rendered":"Partenaires du congr\u00e8s"},"content":{"rendered":"<p align=\"left\">Le CI\u00c9F remercie chaleureusement les organismes et institutions dont la collaboration et le soutien g\u00e9n\u00e9reux permettent la r\u00e9alisation du congr\u00e8s et l&rsquo;\u00e9panouissement de notre organisation.<\/p>\n\n\n<p><a href=\"https:\/\/dev1.cief.org\/wp-content\/uploads\/2021\/05\/image.png\"><img loading=\"lazy\" class=\"size-full wp-image-149807 alignleft\" src=\"https:\/\/dev1.cief.org\/wp-content\/uploads\/2021\/05\/image.png\" alt=\"\" width=\"129\" height=\"150\" \/><\/a><\/p>\n<p>\u00a0<\/p>\n<p>\u00a0<\/p>\n<p>D\u00e9partement de fran\u00e7ais et d&rsquo;italien, Universit\u00e9 de l&rsquo;Indiana \u00e0 Bloomington (\u00c9tats-Unis)<\/p>\n","protected":false},"excerpt":{"rendered":"<p>Le CI\u00c9F remercie chaleureusement les organismes et institutions dont la collaboration et le soutien g\u00e9n\u00e9reux permettent la r\u00e9alisation du congr\u00e8s et l&rsquo;\u00e9panouissement de notre organisation. \u00a0 \u00a0 D\u00e9partement de fran\u00e7ais et d&rsquo;italien, Universit\u00e9 de l&rsquo;Indiana \u00e0 Bloomington (\u00c9tats-Unis)<\/p>\n","protected":false},"author":1,"featured_media":0,"parent":121430,"menu_order":0,"comment_status":"closed","ping_status":"closed","template":"page-congres.php","meta":[],"categories":[27],"tags":[],"_links":{"self":[{"href":"https:\/\/dev1.cief.org\/index.php?rest_route=\/wp\/v2\/pages\/121438"}],"collection":[{"href":"https:\/\/dev1.cief.org\/index.php?rest_route=\/wp\/v2\/pages"}],"about":[{"href":"https:\/\/dev1.cief.org\/index.php?rest_route=\/wp\/v2\/types\/page"}],"author":[{"embeddable":true,"href":"https:\/\/dev1.cief.org\/index.php?rest_route=\/wp\/v2\/users\/1"}],"replies":[{"embeddable":true,"href":"https:\/\/dev1.cief.org\/index.php?rest_route=%2Fwp%2Fv2%2Fcomments&post=121438"}],"version-history":[{"count":8,"href":"https:\/\/dev1.cief.org\/index.php?rest_route=\/wp\/v2\/pages\/121438\/revisions"}],"predecessor-version":[{"id":149810,"href":"https:\/\/dev1.cief.org\/index.php?rest_route=\/wp\/v2\/pages\/121438\/revisions\/149810"}],"up":[{"embeddable":true,"href":"https:\/\/dev1.cief.org\/index.php?rest_route=\/wp\/v2\/pages\/121430"}],"wp:attachment":[{"href":"https:\/\/dev1.cief.org\/index.php?rest_route=%2Fwp%2Fv2%2Fmedia&parent=121438"}],"wp:term":[{"taxonomy":"category","embeddable":true,"href":"https:\/\/dev1.cief.org\/index.php?rest_route=%2Fwp%2Fv2%2Fcategories&post=121438"},{"taxonomy":"post_tag","embeddable":true,"href":"https:\/\/dev1.cief.org\/index.php?rest_route=%2Fwp%2Fv2%2Ftags&post=121438"}],"curies":[{"name":"wp","href":"https:\/\/api.w.org\/{rel}","templated":true}]}}