{"id":121434,"date":"2020-06-25T09:10:26","date_gmt":"2020-06-25T09:10:26","guid":{"rendered":"https:\/\/dev1.cief.org\/?page_id=121434"},"modified":"2020-09-15T16:03:26","modified_gmt":"2020-09-15T16:03:26","slug":"appel-a-sessions-proposees-par-les-membres","status":"publish","type":"page","link":"https:\/\/dev1.cief.org\/?page_id=121434","title":{"rendered":"Appel \u00e0 sessions (propos\u00e9es par les membres)"},"content":{"rendered":"<p style=\"text-align: left;\"><strong>Pr\u00e9-appels \u00e0 communications dans le cadre de sessions pr\u00e9cises<\/strong>. Veuillez envoyer vos propositions\u00a0<span style=\"color: #ff0000;\"><strong>directement au pr\u00e9sident ou \u00e0 la pr\u00e9sidente de session<\/strong><\/span>. Pr\u00e9sident et pr\u00e9sidente, vous pouvez soumettre plusieurs volets \u00e0 votre session.<\/p>\n<p style=\"text-align: left;\">Les sessions d\u00e9crites ci-dessous ont \u00e9t\u00e9 propos\u00e9es par des membres du CIEF qui souhaiteraient les organiser. Veuillez noter que si votre sujet ne se conforme \u00e0 aucune de ces sessions, vous pouvez envoyer votre r\u00e9sum\u00e9 en tant que proposition individuelle. Si vous souhaitez organiser une session, veuillez soumettre un formulaire de pr\u00e9-appel \u00e0 des sessions compl\u00e8tes\u00a0<span style=\"color: #ff0000;\"><strong>avant le 30 septembre<\/strong><\/span>. Sinon, vous pouvez diffuser votre appel ailleurs que sur le site du CIEF et soumettre le descriptif de votre session compl\u00e8te lorsque vous l\u2019aurez constitu\u00e9e en utilisant le formulaire de soumission de session compl\u00e8te. Si vous avez des questions, veuillez vous adresser \u00e0 la secr\u00e9taire-tr\u00e9sori\u00e8re :\u00a0<a href=\"mailto:secretaire@cief.org\">secretaire@cief.org<\/a><\/p>\n","protected":false},"excerpt":{"rendered":"<p>Pr\u00e9-appels \u00e0 communications dans le cadre de sessions pr\u00e9cises. Veuillez envoyer vos propositions\u00a0directement au pr\u00e9sident ou \u00e0 la pr\u00e9sidente de session. Pr\u00e9sident et pr\u00e9sidente, vous pouvez soumettre plusieurs volets \u00e0 votre session. Les sessions d\u00e9crites ci-dessous ont \u00e9t\u00e9 propos\u00e9es par des membres du CIEF qui souhaiteraient les organiser. Veuillez noter que si votre sujet ne [&hellip;]<\/p>\n","protected":false},"author":1,"featured_media":0,"parent":121430,"menu_order":0,"comment_status":"closed","ping_status":"closed","template":"page-congres.php","meta":[],"categories":[27],"tags":[],"_links":{"self":[{"href":"https:\/\/dev1.cief.org\/index.php?rest_route=\/wp\/v2\/pages\/121434"}],"collection":[{"href":"https:\/\/dev1.cief.org\/index.php?rest_route=\/wp\/v2\/pages"}],"about":[{"href":"https:\/\/dev1.cief.org\/index.php?rest_route=\/wp\/v2\/types\/page"}],"author":[{"embeddable":true,"href":"https:\/\/dev1.cief.org\/index.php?rest_route=\/wp\/v2\/users\/1"}],"replies":[{"embeddable":true,"href":"https:\/\/dev1.cief.org\/index.php?rest_route=%2Fwp%2Fv2%2Fcomments&post=121434"}],"version-history":[{"count":4,"href":"https:\/\/dev1.cief.org\/index.php?rest_route=\/wp\/v2\/pages\/121434\/revisions"}],"predecessor-version":[{"id":126508,"href":"https:\/\/dev1.cief.org\/index.php?rest_route=\/wp\/v2\/pages\/121434\/revisions\/126508"}],"up":[{"embeddable":true,"href":"https:\/\/dev1.cief.org\/index.php?rest_route=\/wp\/v2\/pages\/121430"}],"wp:attachment":[{"href":"https:\/\/dev1.cief.org\/index.php?rest_route=%2Fwp%2Fv2%2Fmedia&parent=121434"}],"wp:term":[{"taxonomy":"category","embeddable":true,"href":"https:\/\/dev1.cief.org\/index.php?rest_route=%2Fwp%2Fv2%2Fcategories&post=121434"},{"taxonomy":"post_tag","embeddable":true,"href":"https:\/\/dev1.cief.org\/index.php?rest_route=%2Fwp%2Fv2%2Ftags&post=121434"}],"curies":[{"name":"wp","href":"https:\/\/api.w.org\/{rel}","templated":true}]}}