{"id":121432,"date":"2020-06-25T09:09:10","date_gmt":"2020-06-25T09:09:10","guid":{"rendered":"https:\/\/dev1.cief.org\/?page_id=121432"},"modified":"2020-10-15T21:33:01","modified_gmt":"2020-10-15T21:33:01","slug":"appel-a-communications-informations-generales","status":"publish","type":"page","link":"https:\/\/dev1.cief.org\/?page_id=121432","title":{"rendered":"Appel \u00e0 communications \u2013 Informations g\u00e9n\u00e9rales"},"content":{"rendered":"<p>Vous souhaitez participer \u00e0 notre congr\u00e8s en 2021 ? Il y a deux fa\u00e7ons de faire des propositions sur un th\u00e8me li\u00e9 aux \u00e9tudes francophones :<\/p>\n<p>1. <strong>Proposer une session compl\u00e8te<\/strong> regroupant trois ou de pr\u00e9f\u00e9rence quatre communications autour d\u2019un th\u00e8me commun.<br \/>\nNous vous encourageons \u00e0 r\u00e9unir des communications autour d\u2019un th\u00e8me avec des collaborateurs membres du CI\u00c9F ou encore \u00e0 lancer un appel \u00e0 communications qui para\u00eetra dans le Bulletin d\u2019automne. Pour ce faire, il faut \u00eatre membre en r\u00e8gle du CI\u00c9F, c\u2019est\u2010\u00e0\u2010dire avoir pay\u00e9 votre adh\u00e9sion (<a href=\"https:\/\/dev1.cief.org\/formadhesion\/adhesion_step1.php#\">https:\/\/dev1.cief.org\/formadhesion\/adhesion_step1.php#<\/a>) <strong><span style=\"color: #800000;\">Date limite pour lancer un appel \u00e0 communications : 30 septembre 2020<\/span><\/strong><br \/>\nFormulaire \u00e0 remplir : <a href=\"https:\/\/dev1.cief.org\/formappel\/\">https:\/\/dev1.cief.org\/formappel\/<\/a><br \/>\n<strong><span style=\"color: #800000;\">Date limite pour proposer une session compl\u00e8te : 30 octobre 2020<\/span><\/strong><br \/>\nFormulaire \u00e0 remplir : <a href=\"https:\/\/dev1.cief.org\/formsession\/\">https:\/\/dev1.cief.org\/formsession\/<\/a><br \/>\nSi vous souhaitez proposer une communication dans une session, veuillez contacter directement le\/la pr\u00e9sident-e de session avant le 10 octobre 2020. <strong><span style=\"color: #800000;\">Vous \u00eates pri\u00e9s de proposer votre communication dans UNE SEULE session.<\/span><\/strong><\/p>\n<p>2. <strong>Proposer une communication individuelle<\/strong><br \/>\n<strong><span style=\"color: #800000;\">Date limite pour proposer une communication individuelle : 30 octobre 2020<\/span><\/strong><br \/>\nFormulaire \u00e0 remplir : <a href=\"https:\/\/dev1.cief.org\/formcommunication\/\">https:\/\/dev1.cief.org\/formcommunication\/<\/a><br \/>\n<strong>Les membres sont pri\u00e9s de ne soumettre qu\u2019UNE proposition<\/strong> ; le cas \u00e9ch\u00e9ant, la proposition faisant partie d\u2019une session compl\u00e8te aura automatiquement priorit\u00e9. Les propositions individuelles multiples ne seront pas consid\u00e9r\u00e9es. Si votre proposition peut s\u2019ins\u00e9rer dans une des th\u00e9matiques propos\u00e9es ci-dessus, veuillez indiquer la th\u00e9matique pertinente entre parenth\u00e8ses \u00e0 la fin de votre proposition.<\/p>\n<p>Par ailleurs, les membres dont les propositions sont accept\u00e9es doivent s\u2019attendre \u00e0 remplir l\u2019office de pr\u00e9sident ou de secr\u00e9taire de session. Pour faciliter la t\u00e2che des organisateurs, nous vous prions de consulter l\u2019horaire provisoire sur le site Web d\u00e8s le d\u00e9but du mois de f\u00e9vrier et pr\u00e9venir la pr\u00e9sidente (<a href=\"mailto:pr\u00e9sidente@cief.org\">pr\u00e9sidente@cief.org<\/a>) uniquement dans le cas d\u2019une impossibilit\u00e9 \u00e0 accomplir cette t\u00e2che. Nous comptons sur votre collaboration et vous remercions d\u2019avance.<\/p>\n<p>Pour obtenir des renseignements sur le CI\u00c9F et son congr\u00e8s, pri\u00e8re de consulter notre site web ou de communiquer avec la pr\u00e9sidente du CI\u00c9F, Mme Oana Pana\u00eft\u00e9\u00a0 (<a href=\"mailto:presidente@cief.org\">presidente@cief.org<\/a>). Pour en savoir davantage sur le CI\u00c9F et sa revue Nouvelles \u00c9tudes Francophones (NEF), veuillez consulter notre site Web : <a href=\"https:\/\/dev1.cief.org\/?page_id=913\">https:\/\/dev1.cief.org\/?page_id=913<\/a><\/p>\n<p>Le Prix Jeune Chercheur est d\u00e9cern\u00e9 chaque ann\u00e9e \u00e0 la meilleure communication doctorante au Congr\u00e8s.<\/p>\n","protected":false},"excerpt":{"rendered":"<p>Vous souhaitez participer \u00e0 notre congr\u00e8s en 2021 ? Il y a deux fa\u00e7ons de faire des propositions sur un th\u00e8me li\u00e9 aux \u00e9tudes francophones : 1. Proposer une session compl\u00e8te regroupant trois ou de pr\u00e9f\u00e9rence quatre communications autour d\u2019un th\u00e8me commun. Nous vous encourageons \u00e0 r\u00e9unir des communications autour d\u2019un th\u00e8me avec des collaborateurs [&hellip;]<\/p>\n","protected":false},"author":1,"featured_media":0,"parent":121430,"menu_order":0,"comment_status":"closed","ping_status":"closed","template":"page-congres.php","meta":[],"categories":[27],"tags":[],"_links":{"self":[{"href":"https:\/\/dev1.cief.org\/index.php?rest_route=\/wp\/v2\/pages\/121432"}],"collection":[{"href":"https:\/\/dev1.cief.org\/index.php?rest_route=\/wp\/v2\/pages"}],"about":[{"href":"https:\/\/dev1.cief.org\/index.php?rest_route=\/wp\/v2\/types\/page"}],"author":[{"embeddable":true,"href":"https:\/\/dev1.cief.org\/index.php?rest_route=\/wp\/v2\/users\/1"}],"replies":[{"embeddable":true,"href":"https:\/\/dev1.cief.org\/index.php?rest_route=%2Fwp%2Fv2%2Fcomments&post=121432"}],"version-history":[{"count":5,"href":"https:\/\/dev1.cief.org\/index.php?rest_route=\/wp\/v2\/pages\/121432\/revisions"}],"predecessor-version":[{"id":130099,"href":"https:\/\/dev1.cief.org\/index.php?rest_route=\/wp\/v2\/pages\/121432\/revisions\/130099"}],"up":[{"embeddable":true,"href":"https:\/\/dev1.cief.org\/index.php?rest_route=\/wp\/v2\/pages\/121430"}],"wp:attachment":[{"href":"https:\/\/dev1.cief.org\/index.php?rest_route=%2Fwp%2Fv2%2Fmedia&parent=121432"}],"wp:term":[{"taxonomy":"category","embeddable":true,"href":"https:\/\/dev1.cief.org\/index.php?rest_route=%2Fwp%2Fv2%2Fcategories&post=121432"},{"taxonomy":"post_tag","embeddable":true,"href":"https:\/\/dev1.cief.org\/index.php?rest_route=%2Fwp%2Fv2%2Ftags&post=121432"}],"curies":[{"name":"wp","href":"https:\/\/api.w.org\/{rel}","templated":true}]}}