{"id":119,"date":"2014-01-28T16:42:04","date_gmt":"2014-01-28T16:42:04","guid":{"rendered":"https:\/\/dev1.cief.org\/?page_id=119"},"modified":"2015-11-01T21:10:11","modified_gmt":"2015-11-01T21:10:11","slug":"abonnement","status":"publish","type":"page","link":"https:\/\/dev1.cief.org\/?page_id=119","title":{"rendered":"Abonnement"},"content":{"rendered":"<p>Les membres actifs du CI\u00c9F re\u00e7oivent gratuitement deux num\u00e9ros de la revue chaque ann\u00e9e. Plusieurs formules d&rsquo;adh\u00e9sion au CI\u00c9F sont disponibles, y compris des tarifs pr\u00e9f\u00e9rentiel pour les \u00e9tudiants, les retrait\u00e9s et les r\u00e9sidents de pays \u00e0 monnaie non convertible. L&rsquo;adh\u00e9sion au CI\u00c9F est annuelle, du mois de janvier au mois de d\u00e9cembre de l&rsquo;ann\u00e9e courante.<\/p>\n<p>Pour toute autre commande:<\/p>\n<ul>\n<li>abonnements de non-membres<\/li>\n<li>abonnement par des institutions<\/li>\n<li>commandes de num\u00e9ros r\u00e9cents et d&rsquo;articles individuels<\/li>\n<\/ul>\n<p>veuillez contacter directement les <a href=\"http:\/\/www.nebraskapress.unl.edu\/product\/Nouvelles-%C3%89tudes-Francophones,674767.aspx\">Presses Universitaires du Nebraska<\/a>.<\/p>\n<hr \/>\n<h4>\u00a0S<em>ubscription and Ordering Information<\/em><\/h4>\n<p><em>A subscription to NEF is automatic for current CI\u00c9F members. In order to join the association, please visit the CI\u00c9F website, where you can register online or download membership forms (variable rates are available, depending on professional rank or geographical location). <\/em><\/p>\n<p><em>For all other orders:<\/em><\/p>\n<ul>\n<li><em>subscription by non-members<\/em><\/li>\n<li><em>subscription by institutions<\/em><\/li>\n<li><em>ordering past issues or single articles<\/em><\/li>\n<\/ul>\n<p><em>Please contact <a href=\"http:\/\/www.nebraskapress.unl.edu\/product\/Nouvelles-%C3%89tudes-Francophones,674767.aspx\">Nebraska University Press<\/a>. <\/em><\/p>\n","protected":false},"excerpt":{"rendered":"<p>Les membres actifs du CI\u00c9F re\u00e7oivent gratuitement deux num\u00e9ros de la revue chaque ann\u00e9e. Plusieurs formules d&rsquo;adh\u00e9sion au CI\u00c9F sont disponibles, y compris des tarifs pr\u00e9f\u00e9rentiel pour les \u00e9tudiants, les retrait\u00e9s et les r\u00e9sidents de pays \u00e0 monnaie non convertible. L&rsquo;adh\u00e9sion au CI\u00c9F est annuelle, du mois de janvier au mois de d\u00e9cembre de l&rsquo;ann\u00e9e [&hellip;]<\/p>\n","protected":false},"author":1,"featured_media":0,"parent":112,"menu_order":0,"comment_status":"open","ping_status":"open","template":"page-nef.php","meta":[],"categories":[5],"tags":[],"_links":{"self":[{"href":"https:\/\/dev1.cief.org\/index.php?rest_route=\/wp\/v2\/pages\/119"}],"collection":[{"href":"https:\/\/dev1.cief.org\/index.php?rest_route=\/wp\/v2\/pages"}],"about":[{"href":"https:\/\/dev1.cief.org\/index.php?rest_route=\/wp\/v2\/types\/page"}],"author":[{"embeddable":true,"href":"https:\/\/dev1.cief.org\/index.php?rest_route=\/wp\/v2\/users\/1"}],"replies":[{"embeddable":true,"href":"https:\/\/dev1.cief.org\/index.php?rest_route=%2Fwp%2Fv2%2Fcomments&post=119"}],"version-history":[{"count":5,"href":"https:\/\/dev1.cief.org\/index.php?rest_route=\/wp\/v2\/pages\/119\/revisions"}],"predecessor-version":[{"id":687,"href":"https:\/\/dev1.cief.org\/index.php?rest_route=\/wp\/v2\/pages\/119\/revisions\/687"}],"up":[{"embeddable":true,"href":"https:\/\/dev1.cief.org\/index.php?rest_route=\/wp\/v2\/pages\/112"}],"wp:attachment":[{"href":"https:\/\/dev1.cief.org\/index.php?rest_route=%2Fwp%2Fv2%2Fmedia&parent=119"}],"wp:term":[{"taxonomy":"category","embeddable":true,"href":"https:\/\/dev1.cief.org\/index.php?rest_route=%2Fwp%2Fv2%2Fcategories&post=119"},{"taxonomy":"post_tag","embeddable":true,"href":"https:\/\/dev1.cief.org\/index.php?rest_route=%2Fwp%2Fv2%2Ftags&post=119"}],"curies":[{"name":"wp","href":"https:\/\/api.w.org\/{rel}","templated":true}]}}