{"id":101,"date":"2014-01-28T16:34:20","date_gmt":"2014-01-28T16:34:20","guid":{"rendered":"https:\/\/dev1.cief.org\/?page_id=101"},"modified":"2021-06-21T19:01:35","modified_gmt":"2021-06-21T19:01:35","slug":"prix-cief","status":"publish","type":"page","link":"https:\/\/dev1.cief.org\/?page_id=101","title":{"rendered":"Prix CI\u00c9F"},"content":{"rendered":"<h2><span style=\"color: #008000;\">\u00a0<\/span><\/h2>\n<h4>Le CI\u00c9F d\u00e9cerne \u00e0 chaque Congr\u00e8s le <strong>Prix du Conseil International d&rsquo;\u00c9tudes Francophones<\/strong>, autrefois nomm\u00e9 <strong>Certificat d&rsquo;honneur Maurice Cagnon<\/strong> en hommage \u00e0 Maurice Cagnon, fondateur du CI\u00c9F en 1987.<\/h4>\n<p>Ce prix r\u00e9compense une, parfois deux personnes pour leur contribution exceptionnelle au d\u00e9veloppement des \u00e9tudes francophones dans le monde. Voir le tableau ci-dessous.<\/p>\n<table class=\"tablestd\" border=\"0\" width=\"100%\" cellspacing=\"0\" cellpadding=\"0\">\n<tbody>\n<tr>\n<td colspan=\"4\" scope=\"row\">\n<h3 align=\"center\">Liste des r\u00e9cipiendaires depuis 1991<\/h3>\n<\/td>\n<\/tr>\n<tr>\n<td scope=\"row\"><strong>Ann\u00e9e<\/strong><\/td>\n<td width=\"25%\"><strong>R\u00e9cipiendaire<\/strong><\/td>\n<td width=\"25%\"><strong>R\u00e9cipiendaire<\/strong><\/td>\n<td width=\"25%\"><strong>Lieu du congr\u00e8s<\/strong><\/td>\n<\/tr>\n<tr>\n<td>2021<\/td>\n<td><a href=\"http:\/\/www.mariedarrieussecq.com\">Marie DARRIEUSSECQ<\/a><\/td>\n<td><\/td>\n<td>Congr\u00e8s en ligne<\/td>\n<\/tr>\n<tr>\n<td>2020<\/td>\n<td><\/td>\n<td><\/td>\n<td>Congr\u00e8s annul\u00e9<\/td>\n<\/tr>\n<tr>\n<td scope=\"row\">2019<\/td>\n<td><a href=\"https:\/\/nac-cna.ca\/en\/bio\/brigitte-haentjens\">Brigitte HAENTJENS<\/a><\/td>\n<td><\/td>\n<td><a href=\"https:\/\/dev1.cief.org\/?page_id=46993\">Ottawa, Canada<\/a><\/td>\n<\/tr>\n<tr>\n<td scope=\"row\">2018<\/td>\n<td><a href=\"http:\/\/www.allocine.fr\/personne\/fichepersonne_gen_cpersonne=12746.html\">Philippe FAUCON<\/a><\/td>\n<td><\/td>\n<td><a href=\"https:\/\/dev1.cief.org\/?page_id=10119\">La Rochelle, France<\/a><\/td>\n<\/tr>\n<tr>\n<td scope=\"row\">2017<\/td>\n<td><a href=\"http:\/\/www.potomitan.info\/bibliographie\/monchoachi\/hommage.php\">Monchoachi<\/a><\/td>\n<td><\/td>\n<td><a href=\"https:\/\/dev1.cief.org\/?page_id=913\">Schoelcher, Martinique<\/a><\/td>\n<\/tr>\n<tr>\n<td scope=\"row\">2016<\/td>\n<td><a href=\"https:\/\/la-plume-francophone.com\/2014\/09\/06\/entretien-inedit-avec-cheikh-hamidou-kane\/\">Cheikh Hamidou KANE<\/a><\/td>\n<td><\/td>\n<td><a href=\"http:\/\/cief.org\/congres\/2016\/index.html\">Saly-Portudal, S\u00e9n\u00e9gal<\/a><\/td>\n<\/tr>\n<tr>\n<td scope=\"row\">2015<\/td>\n<td><a href=\"http:\/\/sites.ustboniface.ca\/cahiersfco\/v13n2textes\/132veronleveille.pdf\">J. Roger L\u00c9VEILL\u00c9<\/a><\/td>\n<td><\/td>\n<td><a href=\"http:\/\/cief.org\/congres\/2015\/index.html\">Winnipeg, Canada<\/a><\/td>\n<\/tr>\n<tr>\n<td scope=\"row\">2014<\/td>\n<td><a href=\"http:\/\/www.litterature.org\/recherche\/ecrivains\/brossard-nicole-101\/\">Nicole BROSSARD<\/a><\/td>\n<td><\/td>\n<td><a href=\"http:\/\/cief.org\/congres\/2014\/index.html\">San Francisco, Californie<\/a><\/td>\n<\/tr>\n<tr>\n<td scope=\"row\">2013<\/td>\n<td><a href=\"http:\/\/www.lehman.cuny.edu\/ile.en.ile\/paroles\/maunick.html\">\u00c9douard J. MAUNICK<\/a><\/td>\n<td><\/td>\n<td><a href=\"http:\/\/www.cief.org\/congres\/2013\/index.html\">Grand-Baie, \u00cele Maurice<\/a><\/td>\n<\/tr>\n<tr>\n<td scope=\"row\">2012<\/td>\n<td><a href=\"http:\/\/fr.wikipedia.org\/wiki\/Michel_Le_Bris\">Michel LEBRIS<\/a><\/td>\n<td><\/td>\n<td><a href=\"http:\/\/www.cief.org\/congres\/2012\/index.html\">Thessalonique<\/a><\/td>\n<\/tr>\n<tr>\n<td scope=\"row\">2011<\/td>\n<td><a href=\"http:\/\/www.lehman.cuny.edu\/ile.en.ile\/paroles\/maximin.html\">Daniel MAXIMIN<\/a><\/td>\n<td><\/td>\n<td><a href=\"http:\/\/www.cief.org\/congres\/2011\/index.html\">Aix-en-Provence<\/a><\/td>\n<\/tr>\n<tr>\n<td scope=\"row\">2010<\/td>\n<td><a href=\"http:\/\/cyberacadie.com\/index.php?\/renaissance_biographie\/Antonine-Maillet.html\">Antonine MAILLET <\/a><\/td>\n<td><\/td>\n<td><a href=\"http:\/\/cief.org\/congres\/2010\/index.html\">Montr\u00e9al<\/a><\/td>\n<\/tr>\n<tr>\n<td scope=\"row\">2009<\/td>\n<td><a href=\"http:\/\/www.agencegoodwin.com\/en\/tremblay-m.html\">Michel TREMBLAY<\/a><\/td>\n<td><\/td>\n<td><a href=\"http:\/\/cief.org\/congres\/2009\/index.html\">La Nouvelle-Orl\u00e9ans<\/a><\/td>\n<\/tr>\n<tr>\n<td scope=\"row\">2008<\/td>\n<td><a href=\"http:\/\/www.pauleconstant.com\">Paule CONSTANT<\/a><\/td>\n<td><a href=\"http:\/\/www.lehman.cuny.edu\/ile.en.ile\/paroles\/depestre.html\">Ren\u00e9 DEPESTRE<\/a><\/td>\n<td><a href=\"http:\/\/cief.org\/congres\/2008\/index.html\">Limoges<\/a><\/td>\n<\/tr>\n<tr>\n<td scope=\"row\">2007<\/td>\n<td><a href=\"http:\/\/www.lehman.cuny.edu\/ile.en.ile\/paroles\/devi.html\">Ananda DEVI<\/a><\/td>\n<td><\/td>\n<td><a href=\"http:\/\/cief.org\/congres\/2007\/index.html\">Cayenne<\/a><\/td>\n<\/tr>\n<tr>\n<td scope=\"row\">2006<\/td>\n<td><a href=\"http:\/\/www.lehman.cuny.edu\/ile.en.ile\/paroles\/conde.html\">Maryse COND\u00c9<\/a><\/td>\n<td><\/td>\n<td><a href=\"http:\/\/cief.org\/congres\/2006\/index.html\">Sina\u00efa<\/a><\/td>\n<\/tr>\n<tr>\n<td scope=\"row\">2005<\/td>\n<td><a href=\"http:\/\/cief.org\/congres\/2005\/ecrivains.html#kamanda\">Kama Sywor KAMANDA<\/a><\/td>\n<td><a href=\"http:\/\/cief.org\/congres\/2005\/ecrivains.html#kattan\">Na\u00efm KATTAN<\/a><\/td>\n<td><a href=\"http:\/\/cief.org\/congres\/2005\/index.html\">Ottawa-Gatineau<\/a><\/td>\n<\/tr>\n<tr>\n<td scope=\"row\">2004<\/td>\n<td><a href=\"http:\/\/cief.org\/congres\/2004\/ecrivains\/mertens.html\">Pierre MERTENS<\/a><\/td>\n<td><\/td>\n<td><a href=\"http:\/\/cief.org\/congres\/2004\/index.html\">Li\u00e8ge<\/a><\/td>\n<\/tr>\n<tr>\n<td scope=\"row\">2003<\/td>\n<td><a href=\"http:\/\/cief.org\/congres\/2003\/ecrivains.html#blais\">Marie-Claire BLAIS<\/a><\/td>\n<td><\/td>\n<td><a href=\"http:\/\/cief.org\/congres\/2003\/index.html\">La Nouvelle-Orl\u00e9ans<\/a><\/td>\n<\/tr>\n<tr>\n<td scope=\"row\">2002<\/td>\n<td><a href=\"http:\/\/www.palaisdelaculture.ci\/centreress.php\">Zadi ZAOUROU<\/a><\/td>\n<td><\/td>\n<td><a href=\"http:\/\/cief.abidjan.free.fr\/index.html\">Abidjan<\/a><\/td>\n<\/tr>\n<tr>\n<td scope=\"row\">2001<\/td>\n<td><a href=\"http:\/\/www.livres-disques.ca\/boutton_or\/home\/auteur_detail.cfm?id=2654\">Marguerite MAILLET<\/a><\/td>\n<td><\/td>\n<td>Portland<\/td>\n<\/tr>\n<tr>\n<td scope=\"row\">2000<\/td>\n<td>Marie-Clotilde JACQUEY<\/td>\n<td><a href=\"http:\/\/www.presenceafricaine.com\/francais\/Detailcatalogue.php?numero=174\">Fernando LAMBERT<\/a><\/td>\n<td>Sousse<\/td>\n<\/tr>\n<tr>\n<td scope=\"row\">1999<\/td>\n<td><a href=\"http:\/\/web.rll.ufl.edu\/french\/cailler.html\">Bernadette CAILLER<\/a><\/td>\n<td>\u00c9ric SELLIN<\/td>\n<td>Lafayette<\/td>\n<\/tr>\n<tr>\n<td scope=\"row\">1998<\/td>\n<td>G\u00e9rard BRAULT<\/td>\n<td><a href=\"http:\/\/www.assumption.edu\/acad\/ii\/Institutes\/Frinstitute.html\">Claire QUINTAL<\/a><\/td>\n<td>Moncton<\/td>\n<\/tr>\n<tr>\n<td scope=\"row\">1997<\/td>\n<td>Math\u00e9 ALLAIN<\/td>\n<td>Stephen SMITH<\/td>\n<td>Guadeloupe<\/td>\n<\/tr>\n<tr>\n<td scope=\"row\">1996<\/td>\n<td><a href=\"http:\/\/www.ambafrance-us.org\/culture\/education\/special\/francophonie\/2001\/delson-karan.html\">Myrna DELSON-KARAN<\/a><\/td>\n<td><a href=\"http:\/\/cief.org\/congres\/2004\/ecrivains\/etienne.html\">G\u00e9rard \u00c9TIENNE<\/a><\/td>\n<td>Toulouse<\/td>\n<\/tr>\n<tr>\n<td scope=\"row\"><span class=\"style6\">1995<\/span><\/td>\n<td><span class=\"style6\"><a href=\"http:\/\/www.litterature.org\/detailauteur.asp?numero=547\">H\u00e9di BOURAOUI<\/a><\/span><\/td>\n<td><span class=\"style6\"><a href=\"http:\/\/www.bgsu.edu\/colleges\/library\/pallister.html\">Janis L. PALLISTER<\/a><\/span><\/td>\n<td><span class=\"style6\">Charleston<\/span><\/td>\n<\/tr>\n<tr>\n<td scope=\"row\"><span class=\"style6\">1994<\/span><\/td>\n<td><span class=\"style6\"><a href=\"http:\/\/dzlit.free.fr\/nouraba.html\">Noureddine ABA<\/a> <\/span><\/td>\n<td><\/td>\n<td><span class=\"style6\">Qu\u00e9bec<\/span><\/td>\n<\/tr>\n<tr>\n<td scope=\"row\"><span class=\"style6\">1993<\/span><\/td>\n<td><span class=\"style6\"><a href=\"http:\/\/www.refer.sn\/article230.html\">Lilyan KESTELOOT<\/a> <\/span><\/td>\n<td><span class=\"style6\"><a href=\"http:\/\/fr.wikipedia.org\/wiki\/Jean-Marc_L%C3%A9ger_%28%C3%A9crivain%29\">Jean-Marc L\u00c9GER<\/a> <\/span><\/td>\n<td><span class=\"style6\">Casablanca<\/span><\/td>\n<\/tr>\n<tr>\n<td scope=\"row\"><span class=\"style6\">1992<\/span><\/td>\n<td><span class=\"style6\">David BARRY<\/span><\/td>\n<td><span class=\"style6\"> <a href=\"http:\/\/fr.wikipedia.org\/wiki\/Auguste_Viatte\">Auguste VIATTE<\/a> <\/span><\/td>\n<td><span class=\"style6\">Strasbourg<\/span><\/td>\n<\/tr>\n<tr>\n<td scope=\"row\" width=\"9%\"><span class=\"style6\">1991<\/span><\/td>\n<td><span class=\"style6\">Micheline HERZ<\/span><\/td>\n<td><\/td>\n<td><span class=\"style6\">Tucson<\/span><\/td>\n<\/tr>\n<\/tbody>\n<caption align=\"left\">\u00a0<\/caption>\n<\/table>\n","protected":false},"excerpt":{"rendered":"<p>\u00a0 Le CI\u00c9F d\u00e9cerne \u00e0 chaque Congr\u00e8s le Prix du Conseil International d&rsquo;\u00c9tudes Francophones, autrefois nomm\u00e9 Certificat d&rsquo;honneur Maurice Cagnon en hommage \u00e0 Maurice Cagnon, fondateur du CI\u00c9F en 1987. Ce prix r\u00e9compense une, parfois deux personnes pour leur contribution exceptionnelle au d\u00e9veloppement des \u00e9tudes francophones dans le monde. Voir le tableau ci-dessous. Liste des [&hellip;]<\/p>\n","protected":false},"author":1,"featured_media":0,"parent":265,"menu_order":0,"comment_status":"open","ping_status":"open","template":"page-congres.php","meta":[],"categories":[4],"tags":[],"_links":{"self":[{"href":"https:\/\/dev1.cief.org\/index.php?rest_route=\/wp\/v2\/pages\/101"}],"collection":[{"href":"https:\/\/dev1.cief.org\/index.php?rest_route=\/wp\/v2\/pages"}],"about":[{"href":"https:\/\/dev1.cief.org\/index.php?rest_route=\/wp\/v2\/types\/page"}],"author":[{"embeddable":true,"href":"https:\/\/dev1.cief.org\/index.php?rest_route=\/wp\/v2\/users\/1"}],"replies":[{"embeddable":true,"href":"https:\/\/dev1.cief.org\/index.php?rest_route=%2Fwp%2Fv2%2Fcomments&post=101"}],"version-history":[{"count":28,"href":"https:\/\/dev1.cief.org\/index.php?rest_route=\/wp\/v2\/pages\/101\/revisions"}],"predecessor-version":[{"id":155048,"href":"https:\/\/dev1.cief.org\/index.php?rest_route=\/wp\/v2\/pages\/101\/revisions\/155048"}],"up":[{"embeddable":true,"href":"https:\/\/dev1.cief.org\/index.php?rest_route=\/wp\/v2\/pages\/265"}],"wp:attachment":[{"href":"https:\/\/dev1.cief.org\/index.php?rest_route=%2Fwp%2Fv2%2Fmedia&parent=101"}],"wp:term":[{"taxonomy":"category","embeddable":true,"href":"https:\/\/dev1.cief.org\/index.php?rest_route=%2Fwp%2Fv2%2Fcategories&post=101"},{"taxonomy":"post_tag","embeddable":true,"href":"https:\/\/dev1.cief.org\/index.php?rest_route=%2Fwp%2Fv2%2Ftags&post=101"}],"curies":[{"name":"wp","href":"https:\/\/api.w.org\/{rel}","templated":true}]}}